{"id":4776,"date":"2026-02-16T13:45:10","date_gmt":"2026-02-16T12:45:10","guid":{"rendered":"https:\/\/assemblico.com\/wglady\/"},"modified":"2026-03-30T12:58:19","modified_gmt":"2026-03-30T10:58:19","slug":"baza-wiedzy","status":"publish","type":"page","link":"https:\/\/assemblico.com\/pl\/baza-wiedzy\/","title":{"rendered":"Baza wiedzy"},"content":{"rendered":"<div class=\"et_pb_section_0 et_pb_section et_section_regular et_flex_section\"><span class=\"et_pb_background_pattern\"><\/span>\n<div class=\"et_pb_row_0 et_pb_row et_flex_row\">\n<div class=\"et_pb_column_0 et_pb_column et-last-child et_flex_column et_pb_css_mix_blend_mode_passthrough et_flex_column_24_24 et_flex_column_24_24_tablet et_flex_column_24_24_phone\">\n<div class=\"et_pb_text_0 et_pb_text et_pb_bg_layout_light et_pb_module et_flex_module preset--group--divi-text--divi-font-body--default\"><div class=\"et_pb_text_inner\"><h1>Wgl\u0105dy to nie blog.<\/h1>\n<h1>To Twoja infrastruktura decyzyjna.<\/h1>\n<\/div><\/div>\n<\/div>\n<\/div>\n\n<div class=\"et_pb_row_1 et_pb_row et_flex_row\">\n<div class=\"et_pb_column_1 et_pb_column et_flex_column et_pb_css_mix_blend_mode_passthrough et_flex_column_3_5 et_flex_column_3_5_tablet et_flex_column_24_24_phone\">\n<div class=\"et_pb_text_1 et_pb_text et_pb_bg_layout_light et_pb_module et_flex_module preset--group--divi-text--divi-font-body--default\"><div class=\"et_pb_text_inner\"><p style=\"text-align: left;\">Decyzje techniczne nie s\u0105 podejmowane na podstawie przypadkowych artyku\u0142\u00f3w. Opieraj\u0105 si\u0119 na ustrukturyzowanych faktach. Uzyskaj dost\u0119p do kompleksowego systemu, kt\u00f3ry \u0142\u0105czy:  <\/p>\n<ul><\/ul>\n<\/div><\/div>\n\n<div class=\"et_pb_text_2 et_pb_text et_pb_bg_layout_light et_pb_module et_flex_module preset--group--divi-text--divi-font-body--default\"><div class=\"et_pb_text_inner\"><ul>\n<li style=\"text-align: left;\">\n<p>\u015acis\u0142e normy i przepisy<\/p>\n<\/li>\n<li style=\"text-align: left;\">\n<p>Praktyczna wiedza instalacyjna<\/p>\n<\/li>\n<li style=\"text-align: left;\">\n<p>Zweryfikowana wiedza producent\u00f3w<\/p>\n<\/li>\n<li style=\"text-align: left;\">\n<p>Prawdziwe FAQ z placu budowy<\/p>\n<\/li>\n<\/ul>\n<\/div><\/div>\n\n<div class=\"et_pb_text_3 et_pb_text et_pb_bg_layout_light et_pb_module et_flex_module preset--group--divi-text--divi-font-body--default\"><div class=\"et_pb_text_inner\"><ul><\/ul>\n<h6 style=\"text-align: left;\">Kompleksowy system zaprojektowany do wspierania Twoich decyzji instalacyjnych.<\/h6>\n<\/div><\/div>\n\n<div class=\"et_pb_module et_pb_button_module_wrapper et_pb_button_0_wrapper preset--module--divi-button--default_wrapper\"><a class=\"et_pb_button_0 et_pb_button et_pb_bg_layout_light et_pb_module et_flex_module preset--module--divi-button--default\" href=\"https:\/\/assemblico.com\/pl\/wiedza-techniczna\/\">Przegl\u0105daj wiedz\u0119 techniczn\u0105<\/a><\/div>\n<\/div>\n\n<div class=\"et_pb_column_2 et_pb_column et-last-child et_flex_column et_pb_css_mix_blend_mode_passthrough et_flex_column_2_5 et_flex_column_2_5_tablet et_flex_column_24_24_phone\">\n<div class=\"et_pb_image_0 et_pb_image et_pb_module et_flex_module\"><span class=\"et_pb_image_wrap\"><img loading=\"lazy\" decoding=\"async\" src=\"https:\/\/assemblico.com\/wp-content\/uploads\/2026\/03\/HVAC-AdvisorAI-light.png\" title=\"HVAC-AdvisorAI-light\" width=\"1024\" height=\"1536\" srcset=\"https:\/\/assemblico.com\/wp-content\/uploads\/2026\/03\/HVAC-AdvisorAI-light.png 1024w, https:\/\/assemblico.com\/wp-content\/uploads\/2026\/03\/HVAC-AdvisorAI-light-980x1470.png 980w, https:\/\/assemblico.com\/wp-content\/uploads\/2026\/03\/HVAC-AdvisorAI-light-480x720.png 480w\" sizes=\"(min-width: 0px) and (max-width: 480px) 480px, (min-width: 481px) and (max-width: 980px) 980px, (min-width: 981px) 1024px, 100vw\" class=\"wp-image-3411\" \/><\/span><\/div>\n<\/div>\n<\/div>\n<\/div>\n\n<div class=\"et_pb_section_1 et_pb_section et_section_regular et_flex_section\">\n<div class=\"et_pb_row_2 et_pb_row et_flex_row\">\n<div class=\"et_pb_column_3 et_pb_column et-last-child et_flex_column et_pb_css_mix_blend_mode_passthrough et_flex_column_24_24 et_flex_column_24_24_tablet et_flex_column_24_24_phone\">\n<div class=\"et_pb_text_4 et_pb_text et_pb_bg_layout_light et_pb_module et_flex_module preset--group--divi-text--divi-font-body--default preset--group--divi-text--divi-font-header--ctyn7ypufg\"><div class=\"et_pb_text_inner\"><h1>Usu\u0144 niepewno\u015b\u0107.<\/h1>\n<\/div><\/div>\n<\/div>\n<\/div>\n\n<div class=\"et_pb_row_3 et_pb_row et_flex_row\">\n<div class=\"et_pb_column_4 et_pb_column et_flex_column et_pb_css_mix_blend_mode_passthrough et_flex_column_12_24 et_flex_column_12_24_tablet et_flex_column_24_24_phone\">\n<div class=\"et_pb_text_5 et_pb_text et_pb_bg_layout_light et_pb_module et_flex_module preset--group--divi-text--divi-font-body--8ni0rb8y12\"><div class=\"et_pb_text_inner\"><p>Wi\u0119kszo\u015b\u0107 b\u0142\u0119d\u00f3w technicznych wynika z fragmentarycznej wiedzy, b\u0142\u0119dnej interpretacji norm i niesp\u00f3jnych danych produktowych.<\/p>\n<p>Assemblico Insights eliminuje to ryzyko, zapewniaj\u0105c bezpo\u015bredni dost\u0119p do czterech zweryfikowanych warstw informacji technicznych.<\/p>\n<\/div><\/div>\n<\/div>\n\n<div class=\"et_pb_column_5 et_pb_column et-last-child et_flex_column et_pb_css_mix_blend_mode_passthrough et_flex_column_12_24 et_flex_column_12_24_tablet et_flex_column_24_24_phone\">\n<div class=\"et_pb_text_6 et_pb_text et_pb_bg_layout_light et_pb_module et_flex_module preset--group--divi-text--divi-font-header--rscsq5knzu preset--group--divi-text--divi-font-body--8ni0rb8y12\"><div class=\"et_pb_text_inner\"><h5>Co tu znajdziesz<\/h5>\n<\/div><\/div>\n\n<div class=\"et_pb_text_7 et_pb_text et_pb_bg_layout_light et_pb_module et_flex_module preset--group--divi-text--divi-font-body--8ni0rb8y12\"><div class=\"et_pb_text_inner\"><ul>\n<li>\n<p><strong>Normy i przepisy:<\/strong> Co jest wymagane, oficjalnie zinterpretowane i uproszczone.<\/p>\n<\/li>\n<li>\n<p><strong>Wiedza techniczna:<\/strong> Praktyczne zrozumienie podstawowej logiki instalacji.<\/p>\n<\/li>\n<li>\n<p><strong>Akademia producent\u00f3w:<\/strong> Ustrukturyzowane dane produktowe bez szumu marketingowego.<\/p>\n<\/li>\n<li>\n<p><strong>FAQ spo\u0142eczno\u015bci:<\/strong> Prawdziwe odpowiedzi na prawdziwe problemy z aktywnych projekt\u00f3w.<\/p>\n<\/li>\n<\/ul>\n<\/div><\/div>\n<\/div>\n<\/div>\n<\/div>\n\n<div class=\"et_pb_section_2 et_pb_section et_section_regular et_flex_section\">\n<div class=\"et_pb_row_4 et_pb_row et_flex_row\">\n<div class=\"et_pb_column_6 et_pb_column et-last-child et_flex_column et_pb_css_mix_blend_mode_passthrough et_flex_column_24_24 et_flex_column_24_24_tablet et_flex_column_24_24_phone\">\n<div class=\"et_pb_text_8 et_pb_text et_pb_bg_layout_light et_pb_module et_flex_module preset--group--divi-text--divi-font-body--default preset--group--divi-text--divi-font-header--ctyn7ypufg\"><div class=\"et_pb_text_inner\"><h1>Jak to dzia\u0142a<\/h1>\n<\/div><\/div>\n\n<div class=\"et_pb_text_9 et_pb_text et_pb_bg_layout_light et_pb_module et_flex_module preset--group--divi-text--divi-font-body--8ni0rb8y12\"><div class=\"et_pb_text_inner\"><p>Od eksploracji tematu do zatwierdzonej decyzji.<\/p>\n<\/div><\/div>\n<\/div>\n<\/div>\n\n<div class=\"et_pb_row_5 et_pb_row et_flex_row\">\n<div class=\"et_pb_column_7 et_pb_column et_flex_column et_pb_css_mix_blend_mode_passthrough et_flex_column_8_24 et_flex_column_8_24_tablet et_flex_column_24_24_phone\">\n<div class=\"et_pb_blurb_0 et_pb_blurb et_pb_bg_layout_light et_pb_blurb_position_top et_pb_module et_flex_module preset--group--divi-blurb--divi-font-body--8ni0rb8y12\"><div class=\"et_pb_blurb_content et_flex_module\"><div class=\"et_pb_blurb_container\"><h4 class=\"et_pb_module_header\">1. Zrozum ograniczenia<\/h4><div class=\"et_pb_blurb_description\"><p>Przegl\u0105daj konkretny temat lub problem i natychmiast uzyskaj dost\u0119p do ustrukturyzowanej wiedzy (nie przypadkowych tre\u015bci), aby zrozumie\u0107 dok\u0142adne wymagania techniczne.<\/p>\n<\/div><\/div><\/div><\/div>\n<\/div>\n\n<div class=\"et_pb_column_8 et_pb_column et_flex_column et_pb_css_mix_blend_mode_passthrough et_flex_column_8_24 et_flex_column_8_24_tablet et_flex_column_24_24_phone\">\n<div class=\"et_pb_blurb_1 et_pb_blurb et_pb_bg_layout_light et_pb_blurb_position_top et_pb_module et_flex_module preset--group--divi-blurb--divi-font-body--8ni0rb8y12\"><div class=\"et_pb_blurb_content et_flex_module\"><div class=\"et_pb_blurb_container\"><h4 class=\"et_pb_module_header\">2. Po\u0142\u0105cz fakty<\/h4><div class=\"et_pb_blurb_description\"><p>Nie tylko czytaj \u2013 dzia\u0142aj. Bezproblemowo po\u0142\u0105cz t\u0119 wiedz\u0119 z naszymi narz\u0119dziami in\u017cynieryjnymi i AdvisorAI, aby przeanalizowa\u0107 sw\u00f3j konkretny projekt. <\/p>\n<\/div><\/div><\/div><\/div>\n<\/div>\n\n<div class=\"et_pb_column_9 et_pb_column et-last-child et_flex_column et_pb_css_mix_blend_mode_passthrough et_flex_column_8_24 et_flex_column_8_24_tablet et_flex_column_24_24_phone\">\n<div class=\"et_pb_blurb_2 et_pb_blurb et_pb_bg_layout_light et_pb_blurb_position_top et_pb_module et_flex_module preset--group--divi-blurb--divi-font-body--8ni0rb8y12\"><div class=\"et_pb_blurb_content et_flex_module\"><div class=\"et_pb_blurb_container\"><h4 class=\"et_pb_module_header\">3. Podejmij zatwierdzon\u0105 decyzj\u0119<\/h4><div class=\"et_pb_blurb_description\"><p>Zastosuj zweryfikowane fakty bezpo\u015brednio w swoim przep\u0142ywie pracy i podejmij ostateczn\u0105, pewn\u0105 decyzj\u0119 instalacyjn\u0105, popart\u0105 twardymi danymi.<\/p>\n<\/div><\/div><\/div><\/div>\n<\/div>\n<\/div>\n<\/div>\n\n<div class=\"et_pb_section_3 et_pb_section et_section_regular et_block_section tbvs-section-light\">\n<div class=\"et_pb_row_6 et_pb_row et_block_row\">\n<div class=\"et_pb_column_10 et_pb_column et_pb_column_4_4 et-last-child et_block_column et_pb_css_mix_blend_mode_passthrough\">\n<div class=\"et_pb_text_10 et_pb_text et_pb_bg_layout_light et_pb_module et_block_module et_pb_text_align_center preset--group--divi-text--divi-font-body--default preset--group--divi-text--divi-font-header--nuqrslqdx3\"><div class=\"et_pb_text_inner\"><h3>Wiedza, kt\u00f3ra nap\u0119dza decyzje.<\/h3>\n<\/div><\/div>\n\n<div class=\"et_pb_text_11 et_pb_text et_pb_bg_layout_light et_pb_module et_block_module et_pb_text_align_center preset--group--divi-text--divi-font-body--default preset--group--divi-text--divi-font-header--nuqrslqdx3\"><div class=\"et_pb_text_inner\"><h2>To warstwa wiedzy technicznej stoj\u0105ca za ka\u017cd\u0105 Twoj\u0105 decyzj\u0105 w Assemblico.<\/h2>\n<\/div><\/div>\n<\/div>\n<\/div>\n\n<div class=\"et_pb_row_7 et_pb_row et_flex_row\">\n<div class=\"et_pb_column_11 et_pb_column et_flex_column et_pb_css_mix_blend_mode_passthrough et_flex_column_12_24 et_flex_column_12_24_tablet et_flex_column_24_24_phone\">\n<div class=\"et_pb_module et_pb_button_module_wrapper et_pb_button_1_wrapper preset--module--divi-button--default_wrapper\"><a class=\"et_pb_button_1 et_pb_button et_pb_bg_layout_light et_pb_module et_flex_module preset--module--divi-button--default\" href=\"https:\/\/assemblico.com\/en\/advisor-ai\/\">Przegl\u0105daj wiedz\u0119 techniczn\u0105<\/a><\/div>\n<\/div>\n\n<div class=\"et_pb_column_12 et_pb_column et-last-child et_flex_column et_pb_css_mix_blend_mode_passthrough et_flex_column_12_24 et_flex_column_12_24_tablet et_flex_column_24_24_phone\">\n<div class=\"et_pb_module et_pb_button_module_wrapper et_pb_button_2_wrapper preset--module--divi-button--r33tfrrflu_wrapper\"><a class=\"et_pb_button_2 et_pb_button et_pb_bg_layout_light et_pb_module et_flex_module preset--module--divi-button--r33tfrrflu\" href=\"https:\/\/assemblico.com\/register\/\">Do\u0142\u0105cz bezp\u0142atnie jako Instalator<\/a><\/div>\n<\/div>\n<\/div>\n<\/div>","protected":false},"excerpt":{"rendered":"","protected":false},"author":1,"featured_media":0,"parent":0,"menu_order":0,"comment_status":"closed","ping_status":"closed","template":"","meta":{"_acf_changed":false,"footnotes":""},"class_list":["post-4776","page","type-page","status-publish","hentry"],"acf":[],"yoast_head":"<!-- This site is optimized with the Yoast SEO plugin v27.3 - https:\/\/yoast.com\/product\/yoast-seo-wordpress\/ -->\n<title>Baza wiedzy - Assemblico \u2013 The Future of Electricians &amp; Builders<\/title>\n<meta name=\"robots\" content=\"noindex, follow, max-snippet:-1, max-image-preview:large, max-video-preview:-1\" \/>\n<meta property=\"og:locale\" content=\"pl_PL\" \/>\n<meta property=\"og:type\" content=\"article\" \/>\n<meta property=\"og:title\" content=\"Baza wiedzy - Assemblico \u2013 The Future of Electricians &amp; Builders\" \/>\n<meta property=\"og:url\" content=\"https:\/\/assemblico.com\/insights\/\" \/>\n<meta property=\"og:site_name\" content=\"Assemblico \u2013 The Future of Electricians &amp; Builders\" \/>\n<meta property=\"article:modified_time\" content=\"2026-03-30T10:58:19+00:00\" \/>\n<meta name=\"twitter:card\" content=\"summary_large_image\" \/>\n<script type=\"application\/ld+json\" class=\"yoast-schema-graph\">{\"@context\":\"https:\\\/\\\/schema.org\",\"@graph\":[{\"@type\":\"WebPage\",\"@id\":\"https:\\\/\\\/assemblico.com\\\/insights\\\/\",\"url\":\"https:\\\/\\\/assemblico.com\\\/insights\\\/\",\"name\":\"Baza wiedzy - Assemblico \u2013 The Future of Electricians &amp; Builders\",\"isPartOf\":{\"@id\":\"https:\\\/\\\/assemblico.com\\\/#website\"},\"datePublished\":\"2026-02-16T12:45:10+00:00\",\"dateModified\":\"2026-03-30T10:58:19+00:00\",\"breadcrumb\":{\"@id\":\"https:\\\/\\\/assemblico.com\\\/insights\\\/#breadcrumb\"},\"inLanguage\":\"pl-PL\",\"potentialAction\":[{\"@type\":\"ReadAction\",\"target\":[\"https:\\\/\\\/assemblico.com\\\/insights\\\/\"]}]},{\"@type\":\"BreadcrumbList\",\"@id\":\"https:\\\/\\\/assemblico.com\\\/insights\\\/#breadcrumb\",\"itemListElement\":[{\"@type\":\"ListItem\",\"position\":1,\"name\":\"Strona g\u0142\u00f3wna\",\"item\":\"https:\\\/\\\/assemblico.com\\\/pl\\\/\"},{\"@type\":\"ListItem\",\"position\":2,\"name\":\"Baza wiedzy\"}]},{\"@type\":\"WebSite\",\"@id\":\"https:\\\/\\\/assemblico.com\\\/#website\",\"url\":\"https:\\\/\\\/assemblico.com\\\/\",\"name\":\"Assemblico \u2013 The Future of Electricians &amp; Builders\",\"description\":\"One platform. One brain. Endless efficiency.\",\"potentialAction\":[{\"@type\":\"SearchAction\",\"target\":{\"@type\":\"EntryPoint\",\"urlTemplate\":\"https:\\\/\\\/assemblico.com\\\/?s={search_term_string}\"},\"query-input\":{\"@type\":\"PropertyValueSpecification\",\"valueRequired\":true,\"valueName\":\"search_term_string\"}}],\"inLanguage\":\"pl-PL\"}]}<\/script>\n<!-- \/ Yoast SEO plugin. -->","yoast_head_json":{"title":"Baza wiedzy - Assemblico \u2013 The Future of Electricians &amp; Builders","robots":{"index":"noindex","follow":"follow","max-snippet":"max-snippet:-1","max-image-preview":"max-image-preview:large","max-video-preview":"max-video-preview:-1"},"og_locale":"pl_PL","og_type":"article","og_title":"Baza wiedzy - Assemblico \u2013 The Future of Electricians &amp; Builders","og_url":"https:\/\/assemblico.com\/insights\/","og_site_name":"Assemblico \u2013 The Future of Electricians &amp; Builders","article_modified_time":"2026-03-30T10:58:19+00:00","twitter_card":"summary_large_image","schema":{"@context":"https:\/\/schema.org","@graph":[{"@type":"WebPage","@id":"https:\/\/assemblico.com\/insights\/","url":"https:\/\/assemblico.com\/insights\/","name":"Baza wiedzy - Assemblico \u2013 The Future of Electricians &amp; Builders","isPartOf":{"@id":"https:\/\/assemblico.com\/#website"},"datePublished":"2026-02-16T12:45:10+00:00","dateModified":"2026-03-30T10:58:19+00:00","breadcrumb":{"@id":"https:\/\/assemblico.com\/insights\/#breadcrumb"},"inLanguage":"pl-PL","potentialAction":[{"@type":"ReadAction","target":["https:\/\/assemblico.com\/insights\/"]}]},{"@type":"BreadcrumbList","@id":"https:\/\/assemblico.com\/insights\/#breadcrumb","itemListElement":[{"@type":"ListItem","position":1,"name":"Strona g\u0142\u00f3wna","item":"https:\/\/assemblico.com\/pl\/"},{"@type":"ListItem","position":2,"name":"Baza wiedzy"}]},{"@type":"WebSite","@id":"https:\/\/assemblico.com\/#website","url":"https:\/\/assemblico.com\/","name":"Assemblico \u2013 The Future of Electricians &amp; Builders","description":"One platform. One brain. Endless efficiency.","potentialAction":[{"@type":"SearchAction","target":{"@type":"EntryPoint","urlTemplate":"https:\/\/assemblico.com\/?s={search_term_string}"},"query-input":{"@type":"PropertyValueSpecification","valueRequired":true,"valueName":"search_term_string"}}],"inLanguage":"pl-PL"}]}},"_links":{"self":[{"href":"https:\/\/assemblico.com\/pl\/wp-json\/wp\/v2\/pages\/4776","targetHints":{"allow":["GET"]}}],"collection":[{"href":"https:\/\/assemblico.com\/pl\/wp-json\/wp\/v2\/pages"}],"about":[{"href":"https:\/\/assemblico.com\/pl\/wp-json\/wp\/v2\/types\/page"}],"author":[{"embeddable":true,"href":"https:\/\/assemblico.com\/pl\/wp-json\/wp\/v2\/users\/1"}],"replies":[{"embeddable":true,"href":"https:\/\/assemblico.com\/pl\/wp-json\/wp\/v2\/comments?post=4776"}],"version-history":[{"count":0,"href":"https:\/\/assemblico.com\/pl\/wp-json\/wp\/v2\/pages\/4776\/revisions"}],"wp:attachment":[{"href":"https:\/\/assemblico.com\/pl\/wp-json\/wp\/v2\/media?parent=4776"}],"curies":[{"name":"wp","href":"https:\/\/api.w.org\/{rel}","templated":true}]}}