{"id":5028,"date":"2026-03-12T14:46:19","date_gmt":"2026-03-12T13:46:19","guid":{"rendered":"https:\/\/assemblico.com\/platform\/investor-report\/"},"modified":"2026-03-28T12:43:22","modified_gmt":"2026-03-28T11:43:22","slug":"raport-inwestorski","status":"publish","type":"page","link":"https:\/\/assemblico.com\/pl\/platforma\/raport-inwestorski\/","title":{"rendered":"Raport inwestorski"},"content":{"rendered":"<div class=\"et_pb_section_0 et_pb_section et_section_regular et_flex_section\"><span class=\"et_pb_background_pattern\"><\/span>\n<div class=\"et_pb_row_0 et_pb_row et_flex_row\">\n<div class=\"et_pb_column_0 et_pb_column et_flex_column et_pb_css_mix_blend_mode_passthrough et_flex_column_3_5 et_flex_column_3_5_tablet et_flex_column_24_24_phone\">\n<div class=\"et_pb_text_0 et_pb_text et_pb_bg_layout_light et_pb_module et_flex_module preset--group--divi-text--divi-font-body--default preset--group--divi-text--divi-font-header--0eertr24r9\"><div class=\"et_pb_text_inner\"><h3 style=\"text-align: left;\">Raport inwestorski<\/h3>\n<\/div><\/div>\n\n<div class=\"et_pb_text_1 et_pb_text et_pb_bg_layout_light et_pb_module et_flex_module preset--group--divi-text--divi-font-body--default preset--group--divi-text--divi-font-header--ctyn7ypufg\"><div class=\"et_pb_text_inner\"><h1>Zamie\u0144 decyzje techniczne w profesjonalne raporty.<\/h1>\n<\/div><\/div>\n\n<div class=\"et_pb_text_2 et_pb_text et_pb_bg_layout_light et_pb_module et_flex_module preset--group--divi-text--divi-font-body--8ni0rb8y12\"><div class=\"et_pb_text_inner\"><p>Przesta\u0144 traci\u0107 godziny na r\u0119czne formatowanie dokument\u00f3w w Wordzie lub Excelu. Natychmiast przekszta\u0142\u0107 analiz\u0119 techniczn\u0105, dob\u00f3r produkt\u00f3w i obliczenia ROI w czytelne, uporz\u0105dkowane opracowania gotowe do przedstawienia inwestorowi.<\/p>\n<\/div><\/div>\n\n<div class=\"et_pb_module et_pb_button_module_wrapper et_pb_button_0_wrapper preset--module--divi-button--default_wrapper\"><a class=\"et_pb_button_0 et_pb_button et_pb_bg_layout_light et_pb_module et_block_module preset--module--divi-button--default\" href=\"https:\/\/assemblico.com\/en\/advisor-ai\/\">Utw\u00f3rz raport<\/a><\/div>\n<\/div>\n\n<div class=\"et_pb_column_1 et_pb_column et-last-child et_flex_column et_pb_css_mix_blend_mode_passthrough et_flex_column_2_5 et_flex_column_2_5_tablet et_flex_column_24_24_phone\">\n<div class=\"et_pb_image_0 et_pb_image et_animated et_pb_module et_block_module\"><span class=\"et_pb_image_wrap\"><img loading=\"lazy\" decoding=\"async\" src=\"https:\/\/assemblico.com\/wp-content\/uploads\/2026\/03\/Electrical-AdvisorAI-light-mini.png\" title=\"Electrical-AdvisorAI-light mini\" width=\"1024\" height=\"1536\" srcset=\"https:\/\/assemblico.com\/wp-content\/uploads\/2026\/03\/Electrical-AdvisorAI-light-mini.png 1024w, https:\/\/assemblico.com\/wp-content\/uploads\/2026\/03\/Electrical-AdvisorAI-light-mini-980x1470.png 980w, https:\/\/assemblico.com\/wp-content\/uploads\/2026\/03\/Electrical-AdvisorAI-light-mini-480x720.png 480w\" sizes=\"(min-width: 0px) and (max-width: 480px) 480px, (min-width: 481px) and (max-width: 980px) 980px, (min-width: 981px) 1024px, 100vw\" class=\"wp-image-3387\" \/><\/span><\/div>\n<\/div>\n<\/div>\n<\/div>\n\n<div class=\"et_pb_section_1 et_pb_section et_section_regular et_flex_section\">\n<div class=\"et_pb_row_1 et_pb_row et_flex_row\">\n<div class=\"et_pb_column_2 et_pb_column et-last-child et_flex_column et_pb_css_mix_blend_mode_passthrough et_flex_column_24_24 et_flex_column_24_24_tablet et_flex_column_24_24_phone\">\n<div class=\"et_pb_text_3 et_pb_text et_pb_bg_layout_light et_pb_module et_flex_module preset--group--divi-text--divi-font-body--default preset--group--divi-text--divi-font-header--ctyn7ypufg\"><div class=\"et_pb_text_inner\"><h1>Wygrywaj projekty dzi\u0119ki uporz\u0105dkowanym danym<\/h1>\n<\/div><\/div>\n<\/div>\n<\/div>\n\n<div class=\"et_pb_row_2 et_pb_row et_flex_row\">\n<div class=\"et_pb_column_3 et_pb_column et_flex_column et_pb_css_mix_blend_mode_passthrough et_flex_column_12_24 et_flex_column_12_24_tablet et_flex_column_24_24_phone\">\n<div class=\"et_pb_text_4 et_pb_text et_pb_bg_layout_light et_pb_module et_flex_module preset--group--divi-text--divi-font-body--8ni0rb8y12\"><div class=\"et_pb_text_inner\"><p>Inwestorzy nie chc\u0105 analizowa\u0107 surowych kart technicznych, potrzebuj\u0105 jasnego uzasadnienia koszt\u00f3w.<\/p>\n<p>AdvisorAI automatycznie przekszta\u0142ca Twoje decyzje techniczne w profesjonalny, czytelny dokument, kt\u00f3ry buduje zaufanie i pokazuje warto\u015b\u0107 instalacji.<\/p>\n<\/div><\/div>\n<\/div>\n\n<div class=\"et_pb_column_4 et_pb_column et-last-child et_flex_column et_pb_css_mix_blend_mode_passthrough et_flex_column_12_24 et_flex_column_12_24_tablet et_flex_column_24_24_phone\">\n<div class=\"et_pb_text_5 et_pb_text et_pb_bg_layout_light et_pb_module et_flex_module preset--group--divi-text--divi-font-header--rscsq5knzu preset--group--divi-text--divi-font-body--8ni0rb8y12\"><div class=\"et_pb_text_inner\"><h5>Raport automatycznie zawiera:<\/h5>\n<\/div><\/div>\n\n<div class=\"et_pb_text_6 et_pb_text et_pb_bg_layout_light et_pb_module et_flex_module preset--group--divi-text--divi-font-body--8ni0rb8y12\"><div class=\"et_pb_text_inner\"><ul>\n<li>techniczne uzasadnienie zastosowanych rozwi\u0105za\u0144<\/li>\n<li>obliczenia wydajno\u015bci i parametr\u00f3w systemu<\/li>\n<li>analiz\u0119 efektywno\u015bci energetycznej i ROI<\/li>\n<li>zweryfikowane rekomendacje produktowe<\/li>\n<\/ul>\n<\/div><\/div>\n\n<div class=\"et_pb_text_7 et_pb_text et_pb_bg_layout_light et_pb_module et_flex_module preset--group--divi-text--divi-font-header--rscsq5knzu preset--group--divi-text--divi-font-body--8ni0rb8y12\"><div class=\"et_pb_text_inner\"><h5>Prezentuj swoje projekty jak profesjonalna firma in\u017cynierska i szybciej zamykaj sprzeda\u017c<\/h5>\n<\/div><\/div>\n<\/div>\n<\/div>\n<\/div>\n\n<div class=\"et_pb_section_2 et_pb_section et_section_regular et_flex_section\">\n<div class=\"et_pb_row_3 et_pb_row et_flex_row\">\n<div class=\"et_pb_column_5 et_pb_column et_flex_column et_pb_css_mix_blend_mode_passthrough et_flex_column_3_5 et_flex_column_3_5_tablet et_flex_column_24_24_phone\">\n<div class=\"et_pb_text_8 et_pb_text et_pb_bg_layout_light et_pb_module et_flex_module preset--group--divi-text--divi-font-body--default preset--group--divi-text--divi-font-header--ctyn7ypufg\"><div class=\"et_pb_text_inner\"><h3 style=\"text-align: left;\">Investor Report<\/h3>\n<\/div><\/div>\n\n<div class=\"et_pb_text_9 et_pb_text et_pb_bg_layout_light et_pb_module et_flex_module preset--group--divi-text--divi-font-body--default preset--group--divi-text--divi-font-header--ctyn7ypufg\"><div class=\"et_pb_text_inner\"><h1>Turn a technical decision into a professional report.<\/h1>\n<\/div><\/div>\n\n<div class=\"et_pb_text_10 et_pb_text et_pb_bg_layout_light et_pb_module et_flex_module preset--group--divi-text--divi-font-body--8ni0rb8y12\"><div class=\"et_pb_text_inner\"><p>Investor Report converts technical analysis into a clear document that can be presented to project stakeholders.<br \/>The report can include:<\/p>\n<ul>\n<li>technical explanation of the chosen solution<\/li>\n<li>performance calculations<\/li>\n<li>energy efficiency analysis<\/li>\n<li>ROI estimates<\/li>\n<li>product recommendations<\/li>\n<\/ul>\n<p>Instead of manually preparing documents, installers can generate structured reports that help investors understand the value of the proposed installation.<br \/>This tool helps installers present their work professionally and win projects more easily.<\/p>\n<\/div><\/div>\n\n<div class=\"et_pb_module et_pb_button_module_wrapper et_pb_button_1_wrapper preset--module--divi-button--default_wrapper\"><a class=\"et_pb_button_1 et_pb_button et_pb_bg_layout_light et_pb_module et_block_module preset--module--divi-button--default\" href=\"https:\/\/assemblico.com\/en\/advisor-ai\/\">Create a report<\/a><\/div>\n<\/div>\n\n<div class=\"et_pb_column_6 et_pb_column et-last-child et_flex_column et_pb_css_mix_blend_mode_passthrough et_flex_column_2_5 et_flex_column_2_5_tablet et_flex_column_24_24_phone\">\n<div class=\"et_pb_image_1 et_pb_image et_animated et_pb_module et_block_module\"><span class=\"et_pb_image_wrap\"><img loading=\"lazy\" decoding=\"async\" src=\"https:\/\/assemblico.com\/wp-content\/uploads\/2026\/03\/Electrical-AdvisorAI-light-mini.png\" title=\"Electrical-AdvisorAI-light mini\" width=\"1024\" height=\"1536\" srcset=\"https:\/\/assemblico.com\/wp-content\/uploads\/2026\/03\/Electrical-AdvisorAI-light-mini.png 1024w, https:\/\/assemblico.com\/wp-content\/uploads\/2026\/03\/Electrical-AdvisorAI-light-mini-980x1470.png 980w, https:\/\/assemblico.com\/wp-content\/uploads\/2026\/03\/Electrical-AdvisorAI-light-mini-480x720.png 480w\" sizes=\"(min-width: 0px) and (max-width: 480px) 480px, (min-width: 481px) and (max-width: 980px) 980px, (min-width: 981px) 1024px, 100vw\" class=\"wp-image-3387\" \/><\/span><\/div>\n<\/div>\n<\/div>\n<\/div>\n\n<div class=\"et_pb_section_3 et_pb_section et_section_regular et_block_section tbvs-section-light\">\n<div class=\"et_pb_row_4 et_pb_row et_block_row\">\n<div class=\"et_pb_column_7 et_pb_column et_pb_column_4_4 et-last-child et_block_column et_pb_css_mix_blend_mode_passthrough\">\n<div class=\"et_pb_text_11 et_pb_text et_pb_bg_layout_light et_pb_module et_block_module et_pb_text_align_center preset--group--divi-text--divi-font-body--default preset--group--divi-text--divi-font-header--gr8qv43fs8\"><div class=\"et_pb_text_inner\"><h3>PRZYK\u0141ADY ZASTOSOWANIA<\/h3>\n<\/div><\/div>\n\n<div class=\"et_pb_text_12 et_pb_text et_pb_bg_layout_light et_pb_module et_flex_module preset--group--divi-text--divi-font-body--default preset--group--divi-text--divi-font-header--nuqrslqdx3\"><div class=\"et_pb_text_inner\"><h2>Zobacz, jak dzia\u0142a raport inwestorski<\/h2>\n<\/div><\/div>\n\n<div class=\"et_pb_text_13 et_pb_text et_pb_bg_layout_light et_pb_module et_flex_module preset--group--divi-text--divi-font-body--default\"><div class=\"et_pb_text_inner\"><p>Dla instalator\u00f3w i specjalist\u00f3w technicznych<\/p>\n<\/div><\/div>\n<\/div>\n<\/div>\n\n<div class=\"et_pb_row_5 et_pb_row et_block_row\">\n<div class=\"et_pb_column_8 et_pb_column et_pb_column_4_4 et-last-child et_block_column et_pb_css_mix_blend_mode_passthrough\">\n<div class=\"et_pb_accordion_0 et_pb_accordion et_pb_module et_block_module preset--group--divi-accordion--divi-font-body--default\">\n<div class=\"et_pb_accordion_item_0 et_pb_accordion_item et_pb_toggle et_pb_module et_pb_toggle_open et_block_module preset--group--divi-accordion-item--divi-font-body--8ni0rb8y12\"><h5 class=\"et_pb_toggle_title\">Wygeneruj raport por\u00f3wnuj\u0105cy modernizacj\u0119 LED z istniej\u0105cym systemem o\u015bwietlenia<\/h5><div class=\"et_pb_toggle_content\"><p><span style=\"text-decoration: underline;\"><strong>Odpowied\u017a AdvisorAI:<\/strong><\/span><\/p>\n<p>AdvisorAI generuje uporz\u0105dkowany raport zawieraj\u0105cy:<\/p>\n<p>oszcz\u0119dno\u015b\u0107 energii<br \/>redukcj\u0119 emisji CO\u2082<br \/>koszt inwestycji<br \/>okres zwrotu<\/p>\n<\/div><\/div>\n\n<div class=\"et_pb_accordion_item_1 et_pb_accordion_item et_pb_toggle et_pb_module et_pb_toggle_close et_block_module preset--group--divi-accordion-item--divi-font-body--8ni0rb8y12\"><h5 class=\"et_pb_toggle_title\">Przygotuj raport inwestycyjny dla modernizacji o\u015bwietlenia magazynu<\/h5><div class=\"et_pb_toggle_content\"><p><span style=\"text-decoration: underline;\"><strong>Odpowied\u017a AdvisorAI:<\/strong><\/span><\/p>\n<p>Raport zawiera:<\/p>\n<ul>\n<li>rekomendowany uk\u0142ad opraw<\/li>\n<li>szacowane poziomy nat\u0119\u017cenia o\u015bwietlenia<\/li>\n<li>analiz\u0119 koszt\u00f3w eksploatacyjnych<\/li>\n<\/ul>\n<\/div><\/div>\n\n<div class=\"et_pb_accordion_item_2 et_pb_accordion_item et_pb_toggle et_pb_module et_pb_toggle_close et_block_module preset--group--divi-accordion-item--divi-font-body--8ni0rb8y12\"><h5 class=\"et_pb_toggle_title\">Utw\u00f3rz raport efektywno\u015bci energetycznej dla centrum logistycznego o powierzchni 5000 m\u00b2<\/h5><div class=\"et_pb_toggle_content\"><p><span style=\"text-decoration: underline;\"><strong>Odpowied\u017a AdvisorAI:<\/strong><\/span><\/p>\n<p>Raport zawiera podsumowanie:<\/p>\n<ul>\n<li>potencja\u0142u oszcz\u0119dno\u015bci energii<\/li>\n<li>kosztu modernizacji<\/li>\n<li>prognozowanego zwrotu z inwestycji (ROI)<\/li>\n<\/ul>\n<\/div><\/div>\n\n<div class=\"et_pb_accordion_item_3 et_pb_accordion_item et_pb_toggle et_pb_module et_pb_toggle_close et_block_module preset--group--divi-accordion-item--divi-font-body--8ni0rb8y12\"><h5 class=\"et_pb_toggle_title\">Wygeneruj dokument ofertowy dla projektu modernizacji o\u015bwietlenia<\/h5><div class=\"et_pb_toggle_content\"><p><span style=\"text-decoration: underline;\"><strong>Odpowied\u017a AdvisorAI:<\/strong><\/span><\/p>\n<p>AdvisorAI przygotowuje uporz\u0105dkowany dokument gotowy do przedstawienia inwestorowi i wykorzystania w procesie decyzyjnym.<\/p>\n<\/div><\/div>\n\n<div class=\"et_pb_accordion_item_4 et_pb_accordion_item et_pb_toggle et_pb_module et_pb_toggle_close et_block_module preset--group--divi-accordion-item--divi-font-body--8ni0rb8y12\"><h5 class=\"et_pb_toggle_title\">Utw\u00f3rz techniczne podsumowanie wybranego rozwi\u0105zania instalacyjnego<\/h5><div class=\"et_pb_toggle_content\"><p><span style=\"text-decoration: underline;\"><strong>Odpowied\u017a AdvisorAI:<\/strong><\/span><\/p>\n<p>Raport zawiera:<\/p>\n<ul>\n<li>wybrane produkty<\/li>\n<li>kluczowe parametry<\/li>\n<li>zgodno\u015b\u0107 z normami<\/li>\n<li>szacunkowe koszty eksploatacyjne<\/li>\n<\/ul>\n<\/div><\/div>\n<\/div>\n<\/div>\n<\/div>\n<\/div>\n\n<div class=\"et_pb_section_4 et_pb_section et_section_regular et_flex_section\">\n<div class=\"et_pb_row_6 et_pb_row et_flex_row\">\n<div class=\"et_pb_column_9 et_pb_column et-last-child et_flex_column et_pb_css_mix_blend_mode_passthrough et_flex_column_24_24 et_flex_column_24_24_tablet et_flex_column_24_24_phone\">\n<div class=\"et_pb_text_14 et_pb_text et_pb_bg_layout_light et_pb_module et_flex_module preset--group--divi-text--divi-font-body--default preset--group--divi-text--divi-font-header--0eertr24r9\"><div class=\"et_pb_text_inner\"><h3>Gotowy zrobi\u0107 wra\u017cenie na kliencie?<\/h3>\n<\/div><\/div>\n\n<div class=\"et_pb_module et_pb_button_module_wrapper et_pb_button_2_wrapper preset--module--divi-button--default_wrapper\"><a class=\"et_pb_button_2 et_pb_button et_pb_bg_layout_light et_pb_module et_flex_module preset--module--divi-button--default\" href=\"https:\/\/assemblico.com\/advisor-ai\/\">Wygeneruj pierwszy raport<\/a><\/div>\n<\/div>\n<\/div>\n<\/div>","protected":false},"excerpt":{"rendered":"","protected":false},"author":1,"featured_media":0,"parent":4784,"menu_order":0,"comment_status":"closed","ping_status":"closed","template":"","meta":{"_acf_changed":false,"footnotes":""},"class_list":["post-5028","page","type-page","status-publish","hentry"],"acf":[],"yoast_head":"<!-- This site is optimized with the Yoast SEO plugin v27.3 - https:\/\/yoast.com\/product\/yoast-seo-wordpress\/ -->\n<title>Raport inwestorski - Assemblico \u2013 The Future of Electricians &amp; Builders<\/title>\n<meta name=\"robots\" content=\"noindex, follow, max-snippet:-1, max-image-preview:large, max-video-preview:-1\" \/>\n<meta property=\"og:locale\" content=\"pl_PL\" \/>\n<meta property=\"og:type\" content=\"article\" \/>\n<meta property=\"og:title\" content=\"Raport inwestorski - Assemblico \u2013 The Future of Electricians &amp; Builders\" \/>\n<meta property=\"og:url\" content=\"https:\/\/assemblico.com\/platform\/investor-report\/\" \/>\n<meta property=\"og:site_name\" content=\"Assemblico \u2013 The Future of Electricians &amp; Builders\" \/>\n<meta property=\"article:modified_time\" content=\"2026-03-28T11:43:22+00:00\" \/>\n<meta name=\"twitter:card\" content=\"summary_large_image\" \/>\n<script type=\"application\/ld+json\" class=\"yoast-schema-graph\">{\"@context\":\"https:\\\/\\\/schema.org\",\"@graph\":[{\"@type\":\"WebPage\",\"@id\":\"https:\\\/\\\/assemblico.com\\\/platform\\\/investor-report\\\/\",\"url\":\"https:\\\/\\\/assemblico.com\\\/platform\\\/investor-report\\\/\",\"name\":\"Raport inwestorski - Assemblico \u2013 The Future of Electricians &amp; Builders\",\"isPartOf\":{\"@id\":\"https:\\\/\\\/assemblico.com\\\/#website\"},\"datePublished\":\"2026-03-12T13:46:19+00:00\",\"dateModified\":\"2026-03-28T11:43:22+00:00\",\"breadcrumb\":{\"@id\":\"https:\\\/\\\/assemblico.com\\\/platform\\\/investor-report\\\/#breadcrumb\"},\"inLanguage\":\"pl-PL\",\"potentialAction\":[{\"@type\":\"ReadAction\",\"target\":[\"https:\\\/\\\/assemblico.com\\\/platform\\\/investor-report\\\/\"]}]},{\"@type\":\"BreadcrumbList\",\"@id\":\"https:\\\/\\\/assemblico.com\\\/platform\\\/investor-report\\\/#breadcrumb\",\"itemListElement\":[{\"@type\":\"ListItem\",\"position\":1,\"name\":\"Strona g\u0142\u00f3wna\",\"item\":\"https:\\\/\\\/assemblico.com\\\/pl\\\/\"},{\"@type\":\"ListItem\",\"position\":2,\"name\":\"Platforma\",\"item\":\"https:\\\/\\\/assemblico.com\\\/platform\\\/\"},{\"@type\":\"ListItem\",\"position\":3,\"name\":\"Raport inwestorski\"}]},{\"@type\":\"WebSite\",\"@id\":\"https:\\\/\\\/assemblico.com\\\/#website\",\"url\":\"https:\\\/\\\/assemblico.com\\\/\",\"name\":\"Assemblico \u2013 The Future of Electricians &amp; Builders\",\"description\":\"One platform. One brain. Endless efficiency.\",\"potentialAction\":[{\"@type\":\"SearchAction\",\"target\":{\"@type\":\"EntryPoint\",\"urlTemplate\":\"https:\\\/\\\/assemblico.com\\\/?s={search_term_string}\"},\"query-input\":{\"@type\":\"PropertyValueSpecification\",\"valueRequired\":true,\"valueName\":\"search_term_string\"}}],\"inLanguage\":\"pl-PL\"}]}<\/script>\n<!-- \/ Yoast SEO plugin. -->","yoast_head_json":{"title":"Raport inwestorski - Assemblico \u2013 The Future of Electricians &amp; Builders","robots":{"index":"noindex","follow":"follow","max-snippet":"max-snippet:-1","max-image-preview":"max-image-preview:large","max-video-preview":"max-video-preview:-1"},"og_locale":"pl_PL","og_type":"article","og_title":"Raport inwestorski - Assemblico \u2013 The Future of Electricians &amp; Builders","og_url":"https:\/\/assemblico.com\/platform\/investor-report\/","og_site_name":"Assemblico \u2013 The Future of Electricians &amp; Builders","article_modified_time":"2026-03-28T11:43:22+00:00","twitter_card":"summary_large_image","schema":{"@context":"https:\/\/schema.org","@graph":[{"@type":"WebPage","@id":"https:\/\/assemblico.com\/platform\/investor-report\/","url":"https:\/\/assemblico.com\/platform\/investor-report\/","name":"Raport inwestorski - Assemblico \u2013 The Future of Electricians &amp; Builders","isPartOf":{"@id":"https:\/\/assemblico.com\/#website"},"datePublished":"2026-03-12T13:46:19+00:00","dateModified":"2026-03-28T11:43:22+00:00","breadcrumb":{"@id":"https:\/\/assemblico.com\/platform\/investor-report\/#breadcrumb"},"inLanguage":"pl-PL","potentialAction":[{"@type":"ReadAction","target":["https:\/\/assemblico.com\/platform\/investor-report\/"]}]},{"@type":"BreadcrumbList","@id":"https:\/\/assemblico.com\/platform\/investor-report\/#breadcrumb","itemListElement":[{"@type":"ListItem","position":1,"name":"Strona g\u0142\u00f3wna","item":"https:\/\/assemblico.com\/pl\/"},{"@type":"ListItem","position":2,"name":"Platforma","item":"https:\/\/assemblico.com\/platform\/"},{"@type":"ListItem","position":3,"name":"Raport inwestorski"}]},{"@type":"WebSite","@id":"https:\/\/assemblico.com\/#website","url":"https:\/\/assemblico.com\/","name":"Assemblico \u2013 The Future of Electricians &amp; Builders","description":"One platform. One brain. Endless efficiency.","potentialAction":[{"@type":"SearchAction","target":{"@type":"EntryPoint","urlTemplate":"https:\/\/assemblico.com\/?s={search_term_string}"},"query-input":{"@type":"PropertyValueSpecification","valueRequired":true,"valueName":"search_term_string"}}],"inLanguage":"pl-PL"}]}},"_links":{"self":[{"href":"https:\/\/assemblico.com\/pl\/wp-json\/wp\/v2\/pages\/5028","targetHints":{"allow":["GET"]}}],"collection":[{"href":"https:\/\/assemblico.com\/pl\/wp-json\/wp\/v2\/pages"}],"about":[{"href":"https:\/\/assemblico.com\/pl\/wp-json\/wp\/v2\/types\/page"}],"author":[{"embeddable":true,"href":"https:\/\/assemblico.com\/pl\/wp-json\/wp\/v2\/users\/1"}],"replies":[{"embeddable":true,"href":"https:\/\/assemblico.com\/pl\/wp-json\/wp\/v2\/comments?post=5028"}],"version-history":[{"count":0,"href":"https:\/\/assemblico.com\/pl\/wp-json\/wp\/v2\/pages\/5028\/revisions"}],"up":[{"embeddable":true,"href":"https:\/\/assemblico.com\/pl\/wp-json\/wp\/v2\/pages\/4784"}],"wp:attachment":[{"href":"https:\/\/assemblico.com\/pl\/wp-json\/wp\/v2\/media?parent=5028"}],"curies":[{"name":"wp","href":"https:\/\/api.w.org\/{rel}","templated":true}]}}