{"id":5030,"date":"2026-03-12T14:44:51","date_gmt":"2026-03-12T13:44:51","guid":{"rendered":"https:\/\/assemblico.com\/platform\/product-match\/"},"modified":"2026-03-28T12:11:57","modified_gmt":"2026-03-28T11:11:57","slug":"dobor-produktow","status":"publish","type":"page","link":"https:\/\/assemblico.com\/pl\/platforma\/dobor-produktow\/","title":{"rendered":"Dob\u00f3r produkt\u00f3w"},"content":{"rendered":"<div class=\"et_pb_section_0 et_pb_section et_section_regular et_flex_section\"><span class=\"et_pb_background_pattern\"><\/span>\n<div class=\"et_pb_row_0 et_pb_row et_flex_row\">\n<div class=\"et_pb_column_0 et_pb_column et_flex_column et_pb_css_mix_blend_mode_passthrough et_flex_column_3_5 et_flex_column_3_5_tablet et_flex_column_24_24_phone\">\n<div class=\"et_pb_text_0 et_pb_text et_pb_bg_layout_light et_pb_module et_flex_module preset--group--divi-text--divi-font-body--default preset--group--divi-text--divi-font-header--0eertr24r9\"><div class=\"et_pb_text_inner\"><h3 style=\"text-align: left;\">Dob\u00f3r produkt\u00f3w<\/h3>\n<\/div><\/div>\n\n<div class=\"et_pb_text_1 et_pb_text et_pb_bg_layout_light et_pb_module et_flex_module preset--group--divi-text--divi-font-body--default preset--group--divi-text--divi-font-header--ctyn7ypufg\"><div class=\"et_pb_text_inner\"><h1>Znajd\u017a dok\u0142adnie dopasowany produkt do swojej instalacji<\/h1>\n<\/div><\/div>\n\n<div class=\"et_pb_text_2 et_pb_text et_pb_bg_layout_light et_pb_module et_flex_module preset--group--divi-text--divi-font-body--8ni0rb8y12\"><div class=\"et_pb_text_inner\"><p>Przesta\u0144 r\u0119cznie por\u00f3wnywa\u0107 dziesi\u0105tki katalog\u00f3w.<br \/>Podaj wymagania techniczne, a AdvisorAI natychmiast wska\u017ce rozwi\u0105zania dopasowane do parametr\u00f3w Twojego projektu i warunk\u00f3w instalacji.<\/p>\n<\/div><\/div>\n\n<div class=\"et_pb_module et_pb_button_module_wrapper et_pb_button_0_wrapper preset--module--divi-button--default_wrapper\"><a class=\"et_pb_button_0 et_pb_button et_pb_bg_layout_light et_pb_module et_block_module preset--module--divi-button--default\" href=\"https:\/\/assemblico.com\/en\/advisor-ai\/\">Znajd\u017a dopasowane produkty<\/a><\/div>\n<\/div>\n\n<div class=\"et_pb_column_1 et_pb_column et-last-child et_flex_column et_pb_css_mix_blend_mode_passthrough et_flex_column_2_5 et_flex_column_2_5_tablet et_flex_column_24_24_phone\">\n<div class=\"et_pb_image_0 et_pb_image et_animated et_pb_module et_block_module\"><span class=\"et_pb_image_wrap\"><img loading=\"lazy\" decoding=\"async\" src=\"https:\/\/assemblico.com\/wp-content\/uploads\/2026\/03\/Electrical-AdvisorAI-light-mini.png\" title=\"Electrical-AdvisorAI-light mini\" width=\"1024\" height=\"1536\" srcset=\"https:\/\/assemblico.com\/wp-content\/uploads\/2026\/03\/Electrical-AdvisorAI-light-mini.png 1024w, https:\/\/assemblico.com\/wp-content\/uploads\/2026\/03\/Electrical-AdvisorAI-light-mini-980x1470.png 980w, https:\/\/assemblico.com\/wp-content\/uploads\/2026\/03\/Electrical-AdvisorAI-light-mini-480x720.png 480w\" sizes=\"(min-width: 0px) and (max-width: 480px) 480px, (min-width: 481px) and (max-width: 980px) 980px, (min-width: 981px) 1024px, 100vw\" class=\"wp-image-3387\" \/><\/span><\/div>\n<\/div>\n<\/div>\n<\/div>\n\n<div class=\"et_pb_section_1 et_pb_section et_section_regular et_flex_section\">\n<div class=\"et_pb_row_1 et_pb_row et_flex_row\">\n<div class=\"et_pb_column_2 et_pb_column et-last-child et_flex_column et_pb_css_mix_blend_mode_passthrough et_flex_column_24_24 et_flex_column_24_24_tablet et_flex_column_24_24_phone\">\n<div class=\"et_pb_text_3 et_pb_text et_pb_bg_layout_light et_pb_module et_flex_module preset--group--divi-text--divi-font-body--default preset--group--divi-text--divi-font-header--ctyn7ypufg\"><div class=\"et_pb_text_inner\"><h1>Kontekst ma znaczenie<\/h1>\n<\/div><\/div>\n<\/div>\n<\/div>\n\n<div class=\"et_pb_row_2 et_pb_row et_flex_row\">\n<div class=\"et_pb_column_3 et_pb_column et_flex_column et_pb_css_mix_blend_mode_passthrough et_flex_column_12_24 et_flex_column_12_24_tablet et_flex_column_24_24_phone\">\n<div class=\"et_pb_text_4 et_pb_text et_pb_bg_layout_light et_pb_module et_flex_module preset--group--divi-text--divi-font-body--8ni0rb8y12\"><div class=\"et_pb_text_inner\"><p>Standardowe katalogi nie uwzgl\u0119dniaj\u0105 rzeczywistych warunk\u00f3w instalacji. Poziomy o\u015bwietlenia, czas pracy czy wymagania normowe zmieniaj\u0105 si\u0119 w zale\u017cno\u015bci od typu obiektu.<\/p>\n<p>AdvisorAI analizuje parametry techniczne razem z kontekstem instalacji, aby zapewni\u0107 w\u0142a\u015bciwy i zgodny dob\u00f3r.<\/p>\n<\/div><\/div>\n<\/div>\n\n<div class=\"et_pb_column_4 et_pb_column et-last-child et_flex_column et_pb_css_mix_blend_mode_passthrough et_flex_column_12_24 et_flex_column_12_24_tablet et_flex_column_24_24_phone\">\n<div class=\"et_pb_text_5 et_pb_text et_pb_bg_layout_light et_pb_module et_flex_module preset--group--divi-text--divi-font-header--rscsq5knzu preset--group--divi-text--divi-font-body--8ni0rb8y12\"><div class=\"et_pb_text_inner\"><h5>Mo\u017cesz okre\u015bli\u0107:<\/h5>\n<\/div><\/div>\n\n<div class=\"et_pb_text_6 et_pb_text et_pb_bg_layout_light et_pb_module et_flex_module preset--group--divi-text--divi-font-body--8ni0rb8y12\"><div class=\"et_pb_text_inner\"><ul>\n<li>typ instalacji i kontekst<\/li>\n<li>szczeg\u00f3\u0142owe wymagania techniczne<\/li>\n<li>rzeczywiste warunki projektu<\/li>\n<li>preferowane technologie<\/li>\n<\/ul>\n<\/div><\/div>\n\n<div class=\"et_pb_text_7 et_pb_text et_pb_bg_layout_light et_pb_module et_flex_module preset--group--divi-text--divi-font-header--rscsq5knzu preset--group--divi-text--divi-font-body--8ni0rb8y12\"><div class=\"et_pb_text_inner\"><h5>Nie tylko pokazujemy produkty, wyja\u015bniamy, dlaczego pasuj\u0105 do Twojego projektu.<\/h5>\n<\/div><\/div>\n<\/div>\n<\/div>\n<\/div>\n\n<div class=\"et_pb_section_2 et_pb_section et_section_regular et_flex_section\">\n<div class=\"et_pb_row_3 et_pb_row et_flex_row\">\n<div class=\"et_pb_column_5 et_pb_column et_flex_column et_pb_css_mix_blend_mode_passthrough et_flex_column_3_5 et_flex_column_3_5_tablet et_flex_column_24_24_phone\">\n<div class=\"et_pb_text_8 et_pb_text et_pb_bg_layout_light et_pb_module et_flex_module preset--group--divi-text--divi-font-body--default preset--group--divi-text--divi-font-header--0eertr24r9\"><div class=\"et_pb_text_inner\"><h3 style=\"text-align: left;\">Product Match<\/h3>\n<\/div><\/div>\n\n<div class=\"et_pb_text_9 et_pb_text et_pb_bg_layout_light et_pb_module et_flex_module preset--group--divi-text--divi-font-body--default preset--group--divi-text--divi-font-header--ctyn7ypufg\"><div class=\"et_pb_text_inner\"><h1>Find the exact product for your installation.<\/h1>\n<\/div><\/div>\n\n<div class=\"et_pb_text_10 et_pb_text et_pb_bg_layout_light et_pb_module et_flex_module preset--group--divi-text--divi-font-body--8ni0rb8y12\"><div class=\"et_pb_text_inner\"><p>Product Match helps installers identify the most suitable products for a specific technical task.<br \/>Instead of manually analysing dozens of catalogues, AdvisorAI compares product parameters and installation requirements.<\/p>\n<p>Installers can define:<br \/>- installation type<br \/>- technical requirements<br \/>- project conditions<br \/>- preferred technologies<br \/>- installation context (e.g. warehouse, office, residential building, industrial facility, retail space)<\/p>\n<p>The installation context is an important factor in the decision process. Lighting levels, environmental conditions, operating time and regulatory requirements can vary significantly depending on whether the project concerns a warehouse hall, office space, commercial building or residential installation. <\/p>\n<p>AdvisorAI analyses these conditions together with the technical parameters of products. The system then identifies products that meet the defined requirements and explains why they are suitable for the specific installation scenario. <\/p>\n<p>This allows installers to select solutions faster and with greater confidence while ensuring that the chosen products fit both the technical requirements and the real operating environment of the project.<\/p>\n<\/div><\/div>\n\n<div class=\"et_pb_module et_pb_button_module_wrapper et_pb_button_1_wrapper preset--module--divi-button--default_wrapper\"><a class=\"et_pb_button_1 et_pb_button et_pb_bg_layout_light et_pb_module et_block_module preset--module--divi-button--default\" href=\"https:\/\/assemblico.com\/en\/advisor-ai\/\">Find matching products<\/a><\/div>\n<\/div>\n\n<div class=\"et_pb_column_6 et_pb_column et-last-child et_flex_column et_pb_css_mix_blend_mode_passthrough et_flex_column_2_5 et_flex_column_2_5_tablet et_flex_column_24_24_phone\">\n<div class=\"et_pb_image_1 et_pb_image et_animated et_pb_module et_block_module\"><span class=\"et_pb_image_wrap\"><img loading=\"lazy\" decoding=\"async\" src=\"https:\/\/assemblico.com\/wp-content\/uploads\/2026\/03\/Electrical-AdvisorAI-light-mini.png\" title=\"Electrical-AdvisorAI-light mini\" width=\"1024\" height=\"1536\" srcset=\"https:\/\/assemblico.com\/wp-content\/uploads\/2026\/03\/Electrical-AdvisorAI-light-mini.png 1024w, https:\/\/assemblico.com\/wp-content\/uploads\/2026\/03\/Electrical-AdvisorAI-light-mini-980x1470.png 980w, https:\/\/assemblico.com\/wp-content\/uploads\/2026\/03\/Electrical-AdvisorAI-light-mini-480x720.png 480w\" sizes=\"(min-width: 0px) and (max-width: 480px) 480px, (min-width: 481px) and (max-width: 980px) 980px, (min-width: 981px) 1024px, 100vw\" class=\"wp-image-3387\" \/><\/span><\/div>\n<\/div>\n<\/div>\n<\/div>\n\n<div class=\"et_pb_section_3 et_pb_section et_section_regular et_block_section tbvs-section-light\">\n<div class=\"et_pb_row_4 et_pb_row et_block_row\">\n<div class=\"et_pb_column_7 et_pb_column et_pb_column_4_4 et-last-child et_block_column et_pb_css_mix_blend_mode_passthrough\">\n<div class=\"et_pb_text_11 et_pb_text et_pb_bg_layout_light et_pb_module et_block_module et_pb_text_align_center preset--group--divi-text--divi-font-body--default preset--group--divi-text--divi-font-header--gr8qv43fs8\"><div class=\"et_pb_text_inner\"><h3>PRZYK\u0141ADY ZASTOSOWANIA<\/h3>\n<\/div><\/div>\n\n<div class=\"et_pb_text_12 et_pb_text et_pb_bg_layout_light et_pb_module et_flex_module preset--group--divi-text--divi-font-body--default preset--group--divi-text--divi-font-header--nuqrslqdx3\"><div class=\"et_pb_text_inner\"><h2>Zobacz, jak dzia\u0142a dob\u00f3r produkt\u00f3w<\/h2>\n<\/div><\/div>\n\n<div class=\"et_pb_text_13 et_pb_text et_pb_bg_layout_light et_pb_module et_flex_module preset--group--divi-text--divi-font-body--default\"><div class=\"et_pb_text_inner\"><p>Dla instalator\u00f3w i specjalist\u00f3w technicznych<\/p>\n<\/div><\/div>\n<\/div>\n<\/div>\n\n<div class=\"et_pb_row_5 et_pb_row et_block_row\">\n<div class=\"et_pb_column_8 et_pb_column et_pb_column_4_4 et-last-child et_block_column et_pb_css_mix_blend_mode_passthrough\">\n<div class=\"et_pb_accordion_0 et_pb_accordion et_pb_module et_block_module preset--group--divi-accordion--divi-font-body--default\">\n<div class=\"et_pb_accordion_item_0 et_pb_accordion_item et_pb_toggle et_pb_module et_pb_toggle_open et_block_module preset--group--divi-accordion-item--divi-font-body--8ni0rb8y12\"><h5 class=\"et_pb_toggle_title\">Znajd\u017a oprawy LED high-bay odpowiednie do magazynu o wysoko\u015bci 8 m i wymaganym nat\u0119\u017ceniu 300 lx<\/h5><div class=\"et_pb_toggle_content\"><p><span style=\"text-decoration: underline;\"><strong>Odpowied\u017a AdvisorAI:<\/strong><\/span><\/p>\n<p>Na podstawie parametr\u00f3w instalacji:<\/p>\n<ul>\n<li>wysoko\u015b\u0107 monta\u017cu: 8 m<\/li>\n<li>wymagane nat\u0119\u017cenie o\u015bwietlenia: 300 lx<\/li>\n<li>\u015brodowisko: magazyn<\/li>\n<\/ul>\n<p>Rekomendowane parametry opraw:<\/p>\n<ul>\n<li>strumie\u0144 \u015bwietlny: 20 000\u201328 000 lm<\/li>\n<li>skuteczno\u015b\u0107 \u015bwietlna: \u2265 150 lm\/W<\/li>\n<li>k\u0105t rozsy\u0142u: 90\u2013120\u00b0<\/li>\n<li>stopie\u0144 ochrony: IP65<\/li>\n<\/ul>\n<p>Produkty spe\u0142niaj\u0105ce te wymagania znajduj\u0105 si\u0119 poni\u017cej.<\/p>\n<\/div><\/div>\n\n<div class=\"et_pb_accordion_item_1 et_pb_accordion_item et_pb_toggle et_pb_module et_pb_toggle_close et_block_module preset--group--divi-accordion-item--divi-font-body--8ni0rb8y12\"><h5 class=\"et_pb_toggle_title\">Jaki falownik b\u0119dzie kompatybilny z instalacj\u0105 fotowoltaiczn\u0105 12 kWp na dachu, opart\u0105 na modu\u0142ach 410 W?<\/h5><div class=\"et_pb_toggle_content\"><p><span style=\"text-decoration: underline;\"><strong>Odpowied\u017a AdvisorAI:<\/strong><\/span><\/p>\n<p>Instalacja o mocy 12 kWp z modu\u0142ami 410 W wymaga oko\u0142o 29\u201330 modu\u0142\u00f3w.<\/p>\n<p>Parametry kompatybilnego falownika:<\/p>\n<ul>\n<li>moc nominalna: 10\u201312 kW<\/li>\n<li>zakres MPPT dopasowany do napi\u0119cia modu\u0142\u00f3w<\/li>\n<li>zalecana kompatybilno\u015b\u0107 z dwoma trackerami MPPT<\/li>\n<\/ul>\n<p>Sugerowana klasa falownika: tr\u00f3jfazowy falownik 10 kW<\/p>\n<\/div><\/div>\n\n<div class=\"et_pb_accordion_item_2 et_pb_accordion_item et_pb_toggle et_pb_module et_pb_toggle_close et_block_module preset--group--divi-accordion-item--divi-font-body--8ni0rb8y12\"><h5 class=\"et_pb_toggle_title\">Znajd\u017a switche PoE odpowiednie do zasilania 24 kamer IP<\/h5><div class=\"et_pb_toggle_content\"><p><span style=\"text-decoration: underline;\"><strong>Odpowied\u017a AdvisorAI:<\/strong><\/span><\/p>\n<p>Typowe kamery IP wymagaj\u0105 od 8 do 15 W na urz\u0105dzenie.<\/p>\n<p>Dla 24 kamer bud\u017cet mocy PoE powinien wynosi\u0107:<\/p>\n<ul>\n<li>minimum 240\u2013360 W<\/li>\n<\/ul>\n<p>Rekomendowana klasa switcha:<\/p>\n<ul>\n<li>switch PoE+ 24-portowy<\/li>\n<li>ca\u0142kowity bud\u017cet PoE \u2265 370 W<\/li>\n<\/ul>\n<\/div><\/div>\n\n<div class=\"et_pb_accordion_item_3 et_pb_accordion_item et_pb_toggle et_pb_module et_pb_toggle_close et_block_module preset--group--divi-accordion-item--divi-font-body--8ni0rb8y12\"><h5 class=\"et_pb_toggle_title\">Jaka moc pompy ciep\u0142a b\u0119dzie odpowiednia dla budynku mieszkalnego o powierzchni 200 m\u00b2?<\/h5><div class=\"et_pb_toggle_content\"><p><span style=\"text-decoration: underline;\"><strong>Odpowied\u017a AdvisorAI:<\/strong><\/span><\/p>\n<p>Szacunkowe zapotrzebowanie na ciep\u0142o dla typowego, nowoczesnego budynku wynosi:<\/p>\n<ul>\n<li>40\u201370 W\/m\u00b2<\/li>\n<\/ul>\n<p>Dla domu o powierzchni 200 m\u00b2 wymagana moc grzewcza wynosi zazwyczaj:<\/p>\n<p>8\u201312 kW, w zale\u017cno\u015bci od poziomu izolacji oraz strefy klimatycznej.<\/p>\n<\/div><\/div>\n\n<div class=\"et_pb_accordion_item_4 et_pb_accordion_item et_pb_toggle et_pb_module et_pb_toggle_close et_block_module preset--group--divi-accordion-item--divi-font-body--8ni0rb8y12\"><h5 class=\"et_pb_toggle_title\">Znajd\u017a centrale systemu sygnalizacji po\u017caru zgodne z norm\u0105 EN 54<\/h5><div class=\"et_pb_toggle_content\"><p><span style=\"text-decoration: underline;\"><strong>Odpowied\u017a AdvisorAI:<\/strong><\/span><\/p>\n<p>Centrale SSP powinny spe\u0142nia\u0107 wymagania:<\/p>\n<ul>\n<li>EN 54-2 (centrale sygnalizacji po\u017caru, urz\u0105dzenia steruj\u0105ce i sygnalizacyjne)<\/li>\n<li>EN 54-4 (zasilacze system\u00f3w sygnalizacji po\u017caru)<\/li>\n<\/ul>\n<p>Rekomendowane funkcjonalno\u015bci systemu:<\/p>\n<ul>\n<li>obs\u0142uga czujek adresowalnych<\/li>\n<li>architektura p\u0119tli dozorowych<\/li>\n<li>integracja z systemami zarz\u0105dzania budynkiem (BMS)<\/li>\n<\/ul>\n<\/div><\/div>\n<\/div>\n<\/div>\n<\/div>\n<\/div>\n\n<div class=\"et_pb_section_4 et_pb_section et_section_regular et_flex_section\">\n<div class=\"et_pb_row_6 et_pb_row et_flex_row\">\n<div class=\"et_pb_column_9 et_pb_column et-last-child et_flex_column et_pb_css_mix_blend_mode_passthrough et_flex_column_24_24 et_flex_column_24_24_tablet et_flex_column_24_24_phone\">\n<div class=\"et_pb_text_14 et_pb_text et_pb_bg_layout_light et_pb_module et_flex_module preset--group--divi-text--divi-font-body--default preset--group--divi-text--divi-font-header--0eertr24r9\"><div class=\"et_pb_text_inner\"><h3>Gotowy dobra\u0107 w\u0142a\u015bciwe rozwi\u0105zanie?<\/h3>\n<\/div><\/div>\n\n<div class=\"et_pb_module et_pb_button_module_wrapper et_pb_button_2_wrapper preset--module--divi-button--default_wrapper\"><a class=\"et_pb_button_2 et_pb_button et_pb_bg_layout_light et_pb_module et_flex_module preset--module--divi-button--default\" href=\"https:\/\/assemblico.com\/advisor-ai\/\">Rozpocznij dob\u00f3r produkt\u00f3w<\/a><\/div>\n<\/div>\n<\/div>\n<\/div>","protected":false},"excerpt":{"rendered":"","protected":false},"author":1,"featured_media":0,"parent":4784,"menu_order":0,"comment_status":"closed","ping_status":"closed","template":"","meta":{"_acf_changed":false,"footnotes":""},"class_list":["post-5030","page","type-page","status-publish","hentry"],"acf":[],"yoast_head":"<!-- This site is optimized with the Yoast SEO plugin v27.3 - https:\/\/yoast.com\/product\/yoast-seo-wordpress\/ -->\n<title>Dob\u00f3r produkt\u00f3w - Assemblico \u2013 The Future of Electricians &amp; Builders<\/title>\n<meta name=\"robots\" content=\"noindex, follow, max-snippet:-1, max-image-preview:large, max-video-preview:-1\" \/>\n<meta property=\"og:locale\" content=\"pl_PL\" \/>\n<meta property=\"og:type\" content=\"article\" \/>\n<meta property=\"og:title\" content=\"Dob\u00f3r produkt\u00f3w - Assemblico \u2013 The Future of Electricians &amp; Builders\" \/>\n<meta property=\"og:url\" content=\"https:\/\/assemblico.com\/platform\/product-match\/\" \/>\n<meta property=\"og:site_name\" content=\"Assemblico \u2013 The Future of Electricians &amp; Builders\" \/>\n<meta property=\"article:modified_time\" content=\"2026-03-28T11:11:57+00:00\" \/>\n<meta name=\"twitter:card\" content=\"summary_large_image\" \/>\n<script type=\"application\/ld+json\" class=\"yoast-schema-graph\">{\"@context\":\"https:\\\/\\\/schema.org\",\"@graph\":[{\"@type\":\"WebPage\",\"@id\":\"https:\\\/\\\/assemblico.com\\\/platform\\\/product-match\\\/\",\"url\":\"https:\\\/\\\/assemblico.com\\\/platform\\\/product-match\\\/\",\"name\":\"Dob\u00f3r produkt\u00f3w - Assemblico \u2013 The Future of Electricians &amp; Builders\",\"isPartOf\":{\"@id\":\"https:\\\/\\\/assemblico.com\\\/#website\"},\"datePublished\":\"2026-03-12T13:44:51+00:00\",\"dateModified\":\"2026-03-28T11:11:57+00:00\",\"breadcrumb\":{\"@id\":\"https:\\\/\\\/assemblico.com\\\/platform\\\/product-match\\\/#breadcrumb\"},\"inLanguage\":\"pl-PL\",\"potentialAction\":[{\"@type\":\"ReadAction\",\"target\":[\"https:\\\/\\\/assemblico.com\\\/platform\\\/product-match\\\/\"]}]},{\"@type\":\"BreadcrumbList\",\"@id\":\"https:\\\/\\\/assemblico.com\\\/platform\\\/product-match\\\/#breadcrumb\",\"itemListElement\":[{\"@type\":\"ListItem\",\"position\":1,\"name\":\"Strona g\u0142\u00f3wna\",\"item\":\"https:\\\/\\\/assemblico.com\\\/pl\\\/\"},{\"@type\":\"ListItem\",\"position\":2,\"name\":\"Platforma\",\"item\":\"https:\\\/\\\/assemblico.com\\\/platform\\\/\"},{\"@type\":\"ListItem\",\"position\":3,\"name\":\"Dob\u00f3r produkt\u00f3w\"}]},{\"@type\":\"WebSite\",\"@id\":\"https:\\\/\\\/assemblico.com\\\/#website\",\"url\":\"https:\\\/\\\/assemblico.com\\\/\",\"name\":\"Assemblico \u2013 The Future of Electricians &amp; Builders\",\"description\":\"One platform. One brain. Endless efficiency.\",\"potentialAction\":[{\"@type\":\"SearchAction\",\"target\":{\"@type\":\"EntryPoint\",\"urlTemplate\":\"https:\\\/\\\/assemblico.com\\\/?s={search_term_string}\"},\"query-input\":{\"@type\":\"PropertyValueSpecification\",\"valueRequired\":true,\"valueName\":\"search_term_string\"}}],\"inLanguage\":\"pl-PL\"}]}<\/script>\n<!-- \/ Yoast SEO plugin. -->","yoast_head_json":{"title":"Dob\u00f3r produkt\u00f3w - Assemblico \u2013 The Future of Electricians &amp; Builders","robots":{"index":"noindex","follow":"follow","max-snippet":"max-snippet:-1","max-image-preview":"max-image-preview:large","max-video-preview":"max-video-preview:-1"},"og_locale":"pl_PL","og_type":"article","og_title":"Dob\u00f3r produkt\u00f3w - Assemblico \u2013 The Future of Electricians &amp; Builders","og_url":"https:\/\/assemblico.com\/platform\/product-match\/","og_site_name":"Assemblico \u2013 The Future of Electricians &amp; Builders","article_modified_time":"2026-03-28T11:11:57+00:00","twitter_card":"summary_large_image","schema":{"@context":"https:\/\/schema.org","@graph":[{"@type":"WebPage","@id":"https:\/\/assemblico.com\/platform\/product-match\/","url":"https:\/\/assemblico.com\/platform\/product-match\/","name":"Dob\u00f3r produkt\u00f3w - Assemblico \u2013 The Future of Electricians &amp; Builders","isPartOf":{"@id":"https:\/\/assemblico.com\/#website"},"datePublished":"2026-03-12T13:44:51+00:00","dateModified":"2026-03-28T11:11:57+00:00","breadcrumb":{"@id":"https:\/\/assemblico.com\/platform\/product-match\/#breadcrumb"},"inLanguage":"pl-PL","potentialAction":[{"@type":"ReadAction","target":["https:\/\/assemblico.com\/platform\/product-match\/"]}]},{"@type":"BreadcrumbList","@id":"https:\/\/assemblico.com\/platform\/product-match\/#breadcrumb","itemListElement":[{"@type":"ListItem","position":1,"name":"Strona g\u0142\u00f3wna","item":"https:\/\/assemblico.com\/pl\/"},{"@type":"ListItem","position":2,"name":"Platforma","item":"https:\/\/assemblico.com\/platform\/"},{"@type":"ListItem","position":3,"name":"Dob\u00f3r produkt\u00f3w"}]},{"@type":"WebSite","@id":"https:\/\/assemblico.com\/#website","url":"https:\/\/assemblico.com\/","name":"Assemblico \u2013 The Future of Electricians &amp; Builders","description":"One platform. One brain. Endless efficiency.","potentialAction":[{"@type":"SearchAction","target":{"@type":"EntryPoint","urlTemplate":"https:\/\/assemblico.com\/?s={search_term_string}"},"query-input":{"@type":"PropertyValueSpecification","valueRequired":true,"valueName":"search_term_string"}}],"inLanguage":"pl-PL"}]}},"_links":{"self":[{"href":"https:\/\/assemblico.com\/pl\/wp-json\/wp\/v2\/pages\/5030","targetHints":{"allow":["GET"]}}],"collection":[{"href":"https:\/\/assemblico.com\/pl\/wp-json\/wp\/v2\/pages"}],"about":[{"href":"https:\/\/assemblico.com\/pl\/wp-json\/wp\/v2\/types\/page"}],"author":[{"embeddable":true,"href":"https:\/\/assemblico.com\/pl\/wp-json\/wp\/v2\/users\/1"}],"replies":[{"embeddable":true,"href":"https:\/\/assemblico.com\/pl\/wp-json\/wp\/v2\/comments?post=5030"}],"version-history":[{"count":0,"href":"https:\/\/assemblico.com\/pl\/wp-json\/wp\/v2\/pages\/5030\/revisions"}],"up":[{"embeddable":true,"href":"https:\/\/assemblico.com\/pl\/wp-json\/wp\/v2\/pages\/4784"}],"wp:attachment":[{"href":"https:\/\/assemblico.com\/pl\/wp-json\/wp\/v2\/media?parent=5030"}],"curies":[{"name":"wp","href":"https:\/\/api.w.org\/{rel}","templated":true}]}}