{"id":5036,"date":"2026-03-12T14:44:09","date_gmt":"2026-03-12T13:44:09","guid":{"rendered":"https:\/\/assemblico.com\/platform\/technical-calculation\/"},"modified":"2026-03-28T11:54:18","modified_gmt":"2026-03-28T10:54:18","slug":"obliczenia-techniczne","status":"publish","type":"page","link":"https:\/\/assemblico.com\/pl\/platforma\/obliczenia-techniczne\/","title":{"rendered":"Obliczenia techniczne"},"content":{"rendered":"<div class=\"et_pb_section_0 et_pb_section et_section_regular et_flex_section\"><span class=\"et_pb_background_pattern\"><\/span>\n<div class=\"et_pb_row_0 et_pb_row et_flex_row\">\n<div class=\"et_pb_column_0 et_pb_column et_flex_column et_pb_css_mix_blend_mode_passthrough et_flex_column_3_5 et_flex_column_3_5_tablet et_flex_column_24_24_phone\">\n<div class=\"et_pb_text_0 et_pb_text et_pb_bg_layout_light et_pb_module et_flex_module preset--group--divi-text--divi-font-body--default preset--group--divi-text--divi-font-header--0eertr24r9\"><div class=\"et_pb_text_inner\"><h3 style=\"text-align: left;\">Obliczenia techniczne<\/h3>\n<\/div><\/div>\n\n<div class=\"et_pb_text_1 et_pb_text et_pb_bg_layout_light et_pb_module et_flex_module preset--group--divi-text--divi-font-body--default preset--group--divi-text--divi-font-header--ctyn7ypufg\"><div class=\"et_pb_text_inner\"><h1>Oblicz parametry techniczne w kilka sekund<\/h1>\n<\/div><\/div>\n\n<div class=\"et_pb_text_2 et_pb_text et_pb_bg_layout_light et_pb_module et_flex_module preset--group--divi-text--divi-font-body--8ni0rb8y12\"><div class=\"et_pb_text_inner\"><p>Przesta\u0144 prze\u0142\u0105cza\u0107 si\u0119 mi\u0119dzy arkuszami kalkulacyjnymi, osobnymi kalkulatorami i rozproszonymi plikami PDF. Oblicz kluczowe parametry projektowe natychmiast i uzyskaj jasne, wiarygodne wyniki oparte na rzeczywistych wzorach in\u017cynierskich.<\/p>\n<\/div><\/div>\n\n<div class=\"et_pb_module et_pb_button_module_wrapper et_pb_button_0_wrapper preset--module--divi-button--default_wrapper\"><a class=\"et_pb_button_0 et_pb_button et_pb_bg_layout_light et_pb_module et_block_module preset--module--divi-button--default\" href=\"https:\/\/assemblico.com\/en\/advisor-ai\/\">Wykonaj obliczenia<\/a><\/div>\n<\/div>\n\n<div class=\"et_pb_column_1 et_pb_column et-last-child et_flex_column et_pb_css_mix_blend_mode_passthrough et_flex_column_2_5 et_flex_column_2_5_tablet et_flex_column_24_24_phone\">\n<div class=\"et_pb_image_0 et_pb_image et_animated et_pb_module et_block_module\"><span class=\"et_pb_image_wrap\"><img loading=\"lazy\" decoding=\"async\" src=\"https:\/\/assemblico.com\/wp-content\/uploads\/2026\/03\/Electrical-AdvisorAI-light-mini.png\" title=\"Electrical-AdvisorAI-light mini\" width=\"1024\" height=\"1536\" srcset=\"https:\/\/assemblico.com\/wp-content\/uploads\/2026\/03\/Electrical-AdvisorAI-light-mini.png 1024w, https:\/\/assemblico.com\/wp-content\/uploads\/2026\/03\/Electrical-AdvisorAI-light-mini-980x1470.png 980w, https:\/\/assemblico.com\/wp-content\/uploads\/2026\/03\/Electrical-AdvisorAI-light-mini-480x720.png 480w\" sizes=\"(min-width: 0px) and (max-width: 480px) 480px, (min-width: 481px) and (max-width: 980px) 980px, (min-width: 981px) 1024px, 100vw\" class=\"wp-image-3387\" \/><\/span><\/div>\n<\/div>\n<\/div>\n<\/div>\n\n<div class=\"et_pb_section_1 et_pb_section et_section_regular et_flex_section\">\n<div class=\"et_pb_row_1 et_pb_row et_flex_row\">\n<div class=\"et_pb_column_2 et_pb_column et_flex_column et_pb_css_mix_blend_mode_passthrough et_flex_column_12_24 et_flex_column_12_24_tablet et_flex_column_24_24_phone\">\n<div class=\"et_pb_text_3 et_pb_text et_pb_bg_layout_light et_pb_module et_flex_module preset--group--divi-text--divi-font-body--default preset--group--divi-text--divi-font-header--ctyn7ypufg\"><div class=\"et_pb_text_inner\"><h1>Logika in\u017cynierska, nie zgadywanie AI<\/h1>\n<\/div><\/div>\n\n<div class=\"et_pb_text_4 et_pb_text et_pb_bg_layout_light et_pb_module et_flex_module preset--group--divi-text--divi-font-body--8ni0rb8y12\"><div class=\"et_pb_text_inner\"><p>Standardowe modele AI \u201ehalucynuj\u0105\u201d wyniki oblicze\u0144, poniewa\u017c nie uwzgl\u0119dniaj\u0105 norm budowlanych ani kontekstu technicznego.<\/p>\n<p>Stworzyli\u015bmy silnik, kt\u00f3ry opiera si\u0119 bezpo\u015brednio na normach krajowych, rzeczywistych danych produktowych oraz zweryfikowanej logice instalacyjnej.<\/p>\n<\/div><\/div>\n<\/div>\n\n<div class=\"et_pb_column_3 et_pb_column et-last-child et_flex_column et_pb_css_mix_blend_mode_passthrough et_flex_column_12_24 et_flex_column_12_24_tablet et_flex_column_24_24_phone\">\n<div class=\"et_pb_text_5 et_pb_text et_pb_bg_layout_light et_pb_module et_flex_module preset--group--divi-text--divi-font-header--rscsq5knzu preset--group--divi-text--divi-font-body--8ni0rb8y12\"><div class=\"et_pb_text_inner\"><h5>Obliczaj z pewno\u015bci\u0105:<\/h5>\n<\/div><\/div>\n\n<div class=\"et_pb_text_6 et_pb_text et_pb_bg_layout_light et_pb_module et_flex_module preset--group--divi-text--divi-font-body--8ni0rb8y12\"><div class=\"et_pb_text_inner\"><ul>\n<li>obci\u0105\u017cenia elektryczne i spadki napi\u0119cia<\/li>\n<li>parametry o\u015bwietleniowe i nat\u0119\u017cenie \u015bwiat\u0142a<\/li>\n<li>dob\u00f3r system\u00f3w HVAC<\/li>\n<li>wydajno\u015b\u0107 i kompatybilno\u015b\u0107 urz\u0105dze\u0144<\/li>\n<\/ul>\n<\/div><\/div>\n\n<div class=\"et_pb_text_7 et_pb_text et_pb_bg_layout_light et_pb_module et_flex_module preset--group--divi-text--divi-font-header--rscsq5knzu preset--group--divi-text--divi-font-body--8ni0rb8y12\"><div class=\"et_pb_text_inner\"><h5>Nie otrzymujesz tylko wyniku, dostajesz jasne wyja\u015bnienie oblicze\u0144 oraz za\u0142o\u017ce\u0144 stoj\u0105cych za ka\u017cdym rezultatem.<\/h5>\n<\/div><\/div>\n<\/div>\n<\/div>\n<\/div>\n\n<div class=\"et_pb_section_2 et_pb_section et_section_regular et_flex_section\">\n<div class=\"et_pb_row_2 et_pb_row et_flex_row\">\n<div class=\"et_pb_column_4 et_pb_column et_flex_column et_pb_css_mix_blend_mode_passthrough et_flex_column_3_5 et_flex_column_3_5_tablet et_flex_column_24_24_phone\">\n<div class=\"et_pb_text_8 et_pb_text et_pb_bg_layout_light et_pb_module et_flex_module preset--group--divi-text--divi-font-body--default preset--group--divi-text--divi-font-header--ctyn7ypufg\"><div class=\"et_pb_text_inner\"><h3 style=\"text-align: left;\">Technical Calculation<\/h3>\n<\/div><\/div>\n\n<div class=\"et_pb_text_9 et_pb_text et_pb_bg_layout_light et_pb_module et_flex_module preset--group--divi-text--divi-font-body--default preset--group--divi-text--divi-font-header--ctyn7ypufg\"><div class=\"et_pb_text_inner\"><h1>Calculate technical parameters in seconds.<\/h1>\n<\/div><\/div>\n\n<div class=\"et_pb_text_10 et_pb_text et_pb_bg_layout_light et_pb_module et_flex_module preset--group--divi-text--divi-font-body--8ni0rb8y12\"><div class=\"et_pb_text_inner\"><p>Many installation decisions require quick and reliable calculations. Technical Calculation allows installers to evaluate key parameters without switching between different tools, spreadsheets or fragmented documentation. <\/p>\n<p>AdvisorAI can support calculations related to:<\/p>\n<p>- electrical loads<br \/>- lighting parameters<br \/>- system sizing<br \/>- installation compatibility<br \/>- equipment capacity<\/p>\n<p>The result is a clear explanation of the calculation and the technical assumptions behind it.<\/p>\n<p>This helps installers make reliable engineering decisions directly inside the platform.<\/p>\n<p><span style=\"text-decoration: underline;\"><strong>Why this matters<\/strong><\/span><\/p>\n<p>Generic AI models can generate answers quickly, but in technical calculations they often lack access to the full engineering context, verified product data, applicable standards and regulatory requirements. This can lead to incomplete assumptions, unreliable outputs or hallucinated results. <\/p>\n<p>AdvisorAI works differently.<br \/>It performs calculations within a structured technical environment connected to standards, regulations, technical documentation, product parameters and real installation scenarios.<\/p>\n<p>This means calculations are not generated as isolated answers, but supported by relevant technical context, verified assumptions and practical installation logic.<\/p>\n<\/div><\/div>\n\n<div class=\"et_pb_module et_pb_button_module_wrapper et_pb_button_1_wrapper preset--module--divi-button--default_wrapper\"><a class=\"et_pb_button_1 et_pb_button et_pb_bg_layout_light et_pb_module et_block_module preset--module--divi-button--default\" href=\"https:\/\/assemblico.com\/en\/advisor-ai\/\">Run a calculation<\/a><\/div>\n<\/div>\n\n<div class=\"et_pb_column_5 et_pb_column et-last-child et_flex_column et_pb_css_mix_blend_mode_passthrough et_flex_column_2_5 et_flex_column_2_5_tablet et_flex_column_24_24_phone\">\n<div class=\"et_pb_image_1 et_pb_image et_animated et_pb_module et_block_module\"><span class=\"et_pb_image_wrap\"><img loading=\"lazy\" decoding=\"async\" src=\"https:\/\/assemblico.com\/wp-content\/uploads\/2026\/03\/Electrical-AdvisorAI-light-mini.png\" title=\"Electrical-AdvisorAI-light mini\" width=\"1024\" height=\"1536\" srcset=\"https:\/\/assemblico.com\/wp-content\/uploads\/2026\/03\/Electrical-AdvisorAI-light-mini.png 1024w, https:\/\/assemblico.com\/wp-content\/uploads\/2026\/03\/Electrical-AdvisorAI-light-mini-980x1470.png 980w, https:\/\/assemblico.com\/wp-content\/uploads\/2026\/03\/Electrical-AdvisorAI-light-mini-480x720.png 480w\" sizes=\"(min-width: 0px) and (max-width: 480px) 480px, (min-width: 481px) and (max-width: 980px) 980px, (min-width: 981px) 1024px, 100vw\" class=\"wp-image-3387\" \/><\/span><\/div>\n<\/div>\n<\/div>\n<\/div>\n\n<div class=\"et_pb_section_3 et_pb_section et_section_regular et_block_section tbvs-section-light\">\n<div class=\"et_pb_row_3 et_pb_row et_block_row\">\n<div class=\"et_pb_column_6 et_pb_column et_pb_column_4_4 et-last-child et_block_column et_pb_css_mix_blend_mode_passthrough\">\n<div class=\"et_pb_text_11 et_pb_text et_pb_bg_layout_light et_pb_module et_block_module et_pb_text_align_center preset--group--divi-text--divi-font-body--default preset--group--divi-text--divi-font-header--gr8qv43fs8\"><div class=\"et_pb_text_inner\"><h3>PRZYK\u0141ADY ZASTOSOWANIA<\/h3>\n<\/div><\/div>\n\n<div class=\"et_pb_text_12 et_pb_text et_pb_bg_layout_light et_pb_module et_flex_module preset--group--divi-text--divi-font-body--default preset--group--divi-text--divi-font-header--nuqrslqdx3\"><div class=\"et_pb_text_inner\"><h2>Zobacz, jak dzia\u0142aj\u0105 obliczenia techniczne<\/h2>\n<\/div><\/div>\n\n<div class=\"et_pb_text_13 et_pb_text et_pb_bg_layout_light et_pb_module et_flex_module preset--group--divi-text--divi-font-body--default\"><div class=\"et_pb_text_inner\"><p>Dla instalator\u00f3w i specjalist\u00f3w technicznych<\/p>\n<\/div><\/div>\n<\/div>\n<\/div>\n\n<div class=\"et_pb_row_4 et_pb_row et_block_row\">\n<div class=\"et_pb_column_7 et_pb_column et_pb_column_4_4 et-last-child et_block_column et_pb_css_mix_blend_mode_passthrough\">\n<div class=\"et_pb_accordion_0 et_pb_accordion et_pb_module et_block_module preset--group--divi-accordion--divi-font-body--default\">\n<div class=\"et_pb_accordion_item_0 et_pb_accordion_item et_pb_toggle et_pb_module et_pb_toggle_open et_block_module preset--group--divi-accordion-item--divi-font-body--8ni0rb8y12\"><h5 class=\"et_pb_toggle_title\">Oblicz spadek napi\u0119cia dla przewodu o d\u0142ugo\u015bci 50 m przy obci\u0105\u017ceniu 20 A<\/h5><div class=\"et_pb_toggle_content\"><p><span style=\"text-decoration: underline;\"><strong>Odpowied\u017a AdvisorAI:<\/strong><\/span><\/p>\n<p>Na podstawie wzor\u00f3w IEC dotycz\u0105cych spadk\u00f3w napi\u0119cia:<\/p>\n<p>Dla obci\u0105\u017cenia 20 A i d\u0142ugo\u015bci przewodu 50 m:<\/p>\n<ul>\n<li>przew\u00f3d miedziany 2,5 mm\u00b2 \u2192 ok. 3,6% spadku napi\u0119cia<\/li>\n<li>przew\u00f3d miedziany 4 mm\u00b2 \u2192 ok. 2,3% spadku napi\u0119cia<\/li>\n<\/ul>\n<p>Rekomendowany dob\u00f3r: przew\u00f3d 4 mm\u00b2, aby zachowa\u0107 dopuszczalne warto\u015bci spadku napi\u0119cia.<\/p>\n<\/div><\/div>\n\n<div class=\"et_pb_accordion_item_1 et_pb_accordion_item et_pb_toggle et_pb_module et_pb_toggle_close et_block_module preset--group--divi-accordion-item--divi-font-body--8ni0rb8y12\"><h5 class=\"et_pb_toggle_title\">Oblicz zu\u017cycie mocy dla 40 opraw o mocy 120 W ka\u017cda<\/h5><div class=\"et_pb_toggle_content\"><p><strong><span style=\"text-decoration: underline;\">Odpowied\u017a AdvisorAI:<\/span><\/strong><\/p>\n<p>Ca\u0142kowita moc zainstalowana:<\/p>\n<p>40 \u00d7 120 W = 4800 W (4,8 kW)<\/p>\n<p>Roczne zu\u017cycie energii zale\u017cy od czasu pracy instalacji.<\/p>\n<\/div><\/div>\n\n<div class=\"et_pb_accordion_item_2 et_pb_accordion_item et_pb_toggle et_pb_module et_pb_toggle_close et_block_module preset--group--divi-accordion-item--divi-font-body--8ni0rb8y12\"><h5 class=\"et_pb_toggle_title\">Oblicz wymagan\u0105 moc grzewcz\u0105 dla budynku o powierzchni 250 m\u00b2<\/h5><div class=\"et_pb_toggle_content\"><p><span style=\"text-decoration: underline;\"><strong>Odpowied\u017a AdvisorAI:<\/strong><\/span><\/p>\n<p>Przy za\u0142o\u017ceniu zapotrzebowania na ciep\u0142o na poziomie 50 W\/m\u00b2:<\/p>\n<p>250 m\u00b2 \u00d7 50 W = 12,5 kW wymaganej mocy grzewczej<\/p>\n<\/div><\/div>\n\n<div class=\"et_pb_accordion_item_3 et_pb_accordion_item et_pb_toggle et_pb_module et_pb_toggle_close et_block_module preset--group--divi-accordion-item--divi-font-body--8ni0rb8y12\"><h5 class=\"et_pb_toggle_title\">Oblicz bud\u017cet mocy PoE dla 18 kamer IP i 6 punkt\u00f3w dost\u0119powych WiFi<\/h5><div class=\"et_pb_toggle_content\"><p><span style=\"text-decoration: underline;\"><strong>Odpowied\u017a AdvisorAI:<\/strong><\/span><\/p>\n<p>Szacowane zapotrzebowanie mocy:<\/p>\n<ul>\n<li>kamery IP: 10 W \u00d7 18 = 180 W<\/li>\n<li>punkty dost\u0119powe WiFi: 15 W \u00d7 6 = 90 W<\/li>\n<\/ul>\n<p>\u0141\u0105czne zapotrzebowanie PoE: 270 W<\/p>\n<p>Zalecany bud\u017cet mocy switcha: \u2265 350 W<\/p>\n<\/div><\/div>\n\n<div class=\"et_pb_accordion_item_4 et_pb_accordion_item et_pb_toggle et_pb_module et_pb_toggle_close et_block_module preset--group--divi-accordion-item--divi-font-body--8ni0rb8y12\"><h5 class=\"et_pb_toggle_title\">Oblicz liczb\u0119 opraw potrzebnych do uzyskania 300 lx w magazynie o powierzchni 1000 m\u00b2<\/h5><div class=\"et_pb_toggle_content\"><p><span style=\"text-decoration: underline;\"><strong>Odpowied\u017a AdvisorAI:<\/strong><\/span><\/p>\n<p>Przy za\u0142o\u017ceniu strumienia \u015bwietlnego oprawy na poziomie 24 000 lm oraz wsp\u00f3\u0142czynnika wykorzystania 0,6:<\/p>\n<p>Szacowane zapotrzebowanie:<\/p>\n<p>24\u201328 opraw, w zale\u017cno\u015bci od rozstawu oraz wysoko\u015bci monta\u017cu.<\/p>\n<\/div><\/div>\n<\/div>\n<\/div>\n<\/div>\n<\/div>\n\n<div class=\"et_pb_section_4 et_pb_section et_section_regular et_flex_section\">\n<div class=\"et_pb_row_5 et_pb_row et_flex_row\">\n<div class=\"et_pb_column_8 et_pb_column et-last-child et_flex_column et_pb_css_mix_blend_mode_passthrough et_flex_column_24_24 et_flex_column_24_24_tablet et_flex_column_24_24_phone\">\n<div class=\"et_pb_text_14 et_pb_text et_pb_bg_layout_light et_pb_module et_flex_module preset--group--divi-text--divi-font-body--default preset--group--divi-text--divi-font-header--0eertr24r9\"><div class=\"et_pb_text_inner\"><h3>Masz do\u015b\u0107 pracy w arkuszach?<\/h3>\n<\/div><\/div>\n\n<div class=\"et_pb_module et_pb_button_module_wrapper et_pb_button_2_wrapper preset--module--divi-button--default_wrapper\"><a class=\"et_pb_button_2 et_pb_button et_pb_bg_layout_light et_pb_module et_flex_module preset--module--divi-button--default\" href=\"https:\/\/assemblico.com\/advisor-ai\/\">Wykonaj pierwsze obliczenie<\/a><\/div>\n<\/div>\n<\/div>\n<\/div>","protected":false},"excerpt":{"rendered":"","protected":false},"author":1,"featured_media":0,"parent":4784,"menu_order":0,"comment_status":"closed","ping_status":"closed","template":"","meta":{"_acf_changed":false,"footnotes":""},"class_list":["post-5036","page","type-page","status-publish","hentry"],"acf":[],"yoast_head":"<!-- This site is optimized with the Yoast SEO plugin v27.3 - https:\/\/yoast.com\/product\/yoast-seo-wordpress\/ -->\n<title>Obliczenia techniczne - Assemblico \u2013 The Future of Electricians &amp; Builders<\/title>\n<meta name=\"robots\" content=\"noindex, follow, max-snippet:-1, max-image-preview:large, max-video-preview:-1\" \/>\n<meta property=\"og:locale\" content=\"pl_PL\" \/>\n<meta property=\"og:type\" content=\"article\" \/>\n<meta property=\"og:title\" content=\"Obliczenia techniczne - Assemblico \u2013 The Future of Electricians &amp; Builders\" \/>\n<meta property=\"og:url\" content=\"https:\/\/assemblico.com\/platform\/technical-calculation\/\" \/>\n<meta property=\"og:site_name\" content=\"Assemblico \u2013 The Future of Electricians &amp; Builders\" \/>\n<meta property=\"article:modified_time\" content=\"2026-03-28T10:54:18+00:00\" \/>\n<meta name=\"twitter:card\" content=\"summary_large_image\" \/>\n<script type=\"application\/ld+json\" class=\"yoast-schema-graph\">{\"@context\":\"https:\\\/\\\/schema.org\",\"@graph\":[{\"@type\":\"WebPage\",\"@id\":\"https:\\\/\\\/assemblico.com\\\/platform\\\/technical-calculation\\\/\",\"url\":\"https:\\\/\\\/assemblico.com\\\/platform\\\/technical-calculation\\\/\",\"name\":\"Obliczenia techniczne - Assemblico \u2013 The Future of Electricians &amp; Builders\",\"isPartOf\":{\"@id\":\"https:\\\/\\\/assemblico.com\\\/#website\"},\"datePublished\":\"2026-03-12T13:44:09+00:00\",\"dateModified\":\"2026-03-28T10:54:18+00:00\",\"breadcrumb\":{\"@id\":\"https:\\\/\\\/assemblico.com\\\/platform\\\/technical-calculation\\\/#breadcrumb\"},\"inLanguage\":\"pl-PL\",\"potentialAction\":[{\"@type\":\"ReadAction\",\"target\":[\"https:\\\/\\\/assemblico.com\\\/platform\\\/technical-calculation\\\/\"]}]},{\"@type\":\"BreadcrumbList\",\"@id\":\"https:\\\/\\\/assemblico.com\\\/platform\\\/technical-calculation\\\/#breadcrumb\",\"itemListElement\":[{\"@type\":\"ListItem\",\"position\":1,\"name\":\"Strona g\u0142\u00f3wna\",\"item\":\"https:\\\/\\\/assemblico.com\\\/pl\\\/\"},{\"@type\":\"ListItem\",\"position\":2,\"name\":\"Platforma\",\"item\":\"https:\\\/\\\/assemblico.com\\\/platform\\\/\"},{\"@type\":\"ListItem\",\"position\":3,\"name\":\"Obliczenia techniczne\"}]},{\"@type\":\"WebSite\",\"@id\":\"https:\\\/\\\/assemblico.com\\\/#website\",\"url\":\"https:\\\/\\\/assemblico.com\\\/\",\"name\":\"Assemblico \u2013 The Future of Electricians &amp; Builders\",\"description\":\"One platform. One brain. Endless efficiency.\",\"potentialAction\":[{\"@type\":\"SearchAction\",\"target\":{\"@type\":\"EntryPoint\",\"urlTemplate\":\"https:\\\/\\\/assemblico.com\\\/?s={search_term_string}\"},\"query-input\":{\"@type\":\"PropertyValueSpecification\",\"valueRequired\":true,\"valueName\":\"search_term_string\"}}],\"inLanguage\":\"pl-PL\"}]}<\/script>\n<!-- \/ Yoast SEO plugin. -->","yoast_head_json":{"title":"Obliczenia techniczne - Assemblico \u2013 The Future of Electricians &amp; Builders","robots":{"index":"noindex","follow":"follow","max-snippet":"max-snippet:-1","max-image-preview":"max-image-preview:large","max-video-preview":"max-video-preview:-1"},"og_locale":"pl_PL","og_type":"article","og_title":"Obliczenia techniczne - Assemblico \u2013 The Future of Electricians &amp; Builders","og_url":"https:\/\/assemblico.com\/platform\/technical-calculation\/","og_site_name":"Assemblico \u2013 The Future of Electricians &amp; Builders","article_modified_time":"2026-03-28T10:54:18+00:00","twitter_card":"summary_large_image","schema":{"@context":"https:\/\/schema.org","@graph":[{"@type":"WebPage","@id":"https:\/\/assemblico.com\/platform\/technical-calculation\/","url":"https:\/\/assemblico.com\/platform\/technical-calculation\/","name":"Obliczenia techniczne - Assemblico \u2013 The Future of Electricians &amp; Builders","isPartOf":{"@id":"https:\/\/assemblico.com\/#website"},"datePublished":"2026-03-12T13:44:09+00:00","dateModified":"2026-03-28T10:54:18+00:00","breadcrumb":{"@id":"https:\/\/assemblico.com\/platform\/technical-calculation\/#breadcrumb"},"inLanguage":"pl-PL","potentialAction":[{"@type":"ReadAction","target":["https:\/\/assemblico.com\/platform\/technical-calculation\/"]}]},{"@type":"BreadcrumbList","@id":"https:\/\/assemblico.com\/platform\/technical-calculation\/#breadcrumb","itemListElement":[{"@type":"ListItem","position":1,"name":"Strona g\u0142\u00f3wna","item":"https:\/\/assemblico.com\/pl\/"},{"@type":"ListItem","position":2,"name":"Platforma","item":"https:\/\/assemblico.com\/platform\/"},{"@type":"ListItem","position":3,"name":"Obliczenia techniczne"}]},{"@type":"WebSite","@id":"https:\/\/assemblico.com\/#website","url":"https:\/\/assemblico.com\/","name":"Assemblico \u2013 The Future of Electricians &amp; Builders","description":"One platform. One brain. Endless efficiency.","potentialAction":[{"@type":"SearchAction","target":{"@type":"EntryPoint","urlTemplate":"https:\/\/assemblico.com\/?s={search_term_string}"},"query-input":{"@type":"PropertyValueSpecification","valueRequired":true,"valueName":"search_term_string"}}],"inLanguage":"pl-PL"}]}},"_links":{"self":[{"href":"https:\/\/assemblico.com\/pl\/wp-json\/wp\/v2\/pages\/5036","targetHints":{"allow":["GET"]}}],"collection":[{"href":"https:\/\/assemblico.com\/pl\/wp-json\/wp\/v2\/pages"}],"about":[{"href":"https:\/\/assemblico.com\/pl\/wp-json\/wp\/v2\/types\/page"}],"author":[{"embeddable":true,"href":"https:\/\/assemblico.com\/pl\/wp-json\/wp\/v2\/users\/1"}],"replies":[{"embeddable":true,"href":"https:\/\/assemblico.com\/pl\/wp-json\/wp\/v2\/comments?post=5036"}],"version-history":[{"count":0,"href":"https:\/\/assemblico.com\/pl\/wp-json\/wp\/v2\/pages\/5036\/revisions"}],"up":[{"embeddable":true,"href":"https:\/\/assemblico.com\/pl\/wp-json\/wp\/v2\/pages\/4784"}],"wp:attachment":[{"href":"https:\/\/assemblico.com\/pl\/wp-json\/wp\/v2\/media?parent=5036"}],"curies":[{"name":"wp","href":"https:\/\/api.w.org\/{rel}","templated":true}]}}