{"id":5333,"date":"2026-03-18T15:51:24","date_gmt":"2026-03-18T14:51:24","guid":{"rendered":"https:\/\/assemblico.com\/how-it-works-for-installers\/"},"modified":"2026-03-28T17:13:57","modified_gmt":"2026-03-28T16:13:57","slug":"how-it-works-for-installers","status":"publish","type":"page","link":"https:\/\/assemblico.com\/pl\/how-it-works-for-installers\/","title":{"rendered":"How it works for Installers"},"content":{"rendered":"<div class=\"et_pb_section_0 et_pb_section et_section_regular et_block_section tbvs-section-light\">\n<div class=\"et_pb_row_0 et_pb_row et_block_row\">\n<div class=\"et_pb_column_0 et_pb_column et_pb_column_4_4 et-last-child et_block_column et_pb_css_mix_blend_mode_passthrough\">\n<div class=\"et_pb_text_0 et_pb_text et_pb_bg_layout_light et_pb_module et_block_module et_pb_text_align_center preset--group--divi-text--divi-font-body--default\"><div class=\"et_pb_text_inner\"><h3>How it works for Installers<\/h3>\n<\/div><\/div>\n\n<div class=\"et_pb_text_1 et_pb_text et_pb_bg_layout_light et_pb_module et_block_module et_pb_text_align_center preset--group--divi-text--divi-font-body--default\"><div class=\"et_pb_text_inner\"><h1>Jedna platforma. One decision flow.<\/h1>\n<h1>Make decisions based on real data. Not assumptions. <\/h1>\n<\/div><\/div>\n\n<div class=\"et_pb_text_2 et_pb_text et_pb_bg_layout_light et_pb_module et_block_module et_pb_text_align_center preset--group--divi-text--divi-font-body--default\"><div class=\"et_pb_text_inner\"><p>Installation decisions involve multiple roles.<br \/>\nEach sees only part of the process.<\/p>\n<p>Assemblico connects them into one structured decision.<\/p>\n<\/div><\/div>\n<\/div>\n<\/div>\n<\/div>\n\n<div class=\"et_pb_section_1 et_pb_section et_section_regular et_block_section tbvs-section-light\">\n<div class=\"et_pb_row_1 et_pb_row et_block_row\">\n<div class=\"et_pb_column_1 et_pb_column et_pb_column_4_4 et-last-child et_block_column et_pb_css_mix_blend_mode_passthrough\">\n<div class=\"et_pb_text_3 et_pb_text et_pb_bg_layout_light et_pb_module et_block_module et_pb_text_align_center preset--group--divi-text--divi-font-body--default\"><div class=\"et_pb_text_inner\"><h2>Inwestor \u2013 p\u0142aci za projekt<br \/>Instalator \u2013 definiuje rozwi\u0105zanie<br \/>Dystrybutor \u2013 dostarcza produkty<br \/>Producent \u2013 dostarcza produkty<br \/>Assemblico \u2013 \u0142\u0105czy decyzje<\/h2>\n<\/div><\/div>\n<\/div>\n<\/div>\n<\/div>\n\n<div class=\"et_pb_section_2 et_pb_section et_section_regular et_block_section tbvs-section-light\">\n<div class=\"et_pb_row_2 et_pb_row et_block_row\">\n<div class=\"et_pb_column_2 et_pb_column et_pb_column_1_2 et_block_column et_pb_css_mix_blend_mode_passthrough\">\n<div class=\"et_pb_text_4 et_pb_text et_pb_bg_layout_light et_pb_module et_block_module preset--group--divi-text--divi-font-body--default\"><div class=\"et_pb_text_inner\"><h2>THE PROBLEM<\/h2>\n<\/div><\/div>\n\n<div class=\"et_pb_text_5 et_pb_text et_pb_bg_layout_light et_pb_module et_block_module preset--group--divi-text--divi-font-body--default\"><div class=\"et_pb_text_inner\"><p>In real projects:<\/p>\n<p>- decisions are made in fragments<br \/>\n- information is scattered<br \/>\n- products are chosen too late<br \/>\n- technical validation is inconsistent<\/p>\n<p>Each role works separately.<br \/>\nNo one sees the full picture.<\/p>\n<\/div><\/div>\n<\/div>\n\n<div class=\"et_pb_column_3 et_pb_column et_pb_column_1_2 et-last-child et_block_column et_pb_css_mix_blend_mode_passthrough\">\n<div class=\"et_pb_text_6 et_pb_text et_pb_bg_layout_light et_pb_module et_block_module preset--group--divi-text--divi-font-body--default preset--group--divi-text--divi-font-header--nuqrslqdx3\"><div class=\"et_pb_text_inner\"><h2>THE SOLUTION<\/h2>\n<\/div><\/div>\n\n<div class=\"et_pb_text_7 et_pb_text et_pb_bg_layout_light et_pb_module et_block_module preset--group--divi-text--divi-font-body--default\"><div class=\"et_pb_text_inner\"><p>Assemblico creates one shared decision layer.<\/p>\n<p>- structured input<br \/>\n- technical validation<br \/>\n- comparable solutions<br \/>\n- clear output<\/p>\n<p>Before the purchase.<br \/>\nBefore the cost.<\/p>\n<\/div><\/div>\n<\/div>\n<\/div>\n<\/div>\n\n<div class=\"et_pb_section_3 et_pb_section et_section_regular et_block_section tbvs-section-light\">\n<div class=\"et_pb_row_3 et_pb_row et_block_row\">\n<div class=\"et_pb_column_4 et_pb_column et_pb_column_4_4 et-last-child et_block_column et_pb_css_mix_blend_mode_passthrough\">\n<div class=\"et_pb_text_8 et_pb_text et_pb_bg_layout_light et_pb_module et_block_module et_pb_text_align_center preset--group--divi-text--divi-font-body--default preset--group--divi-text--divi-font-header--nuqrslqdx3\"><div class=\"et_pb_text_inner\"><h1>HOW IT WORKS - STEP BY STEP<\/h1>\n<\/div><\/div>\n<\/div>\n<\/div>\n\n<div class=\"et_pb_row_4 et_pb_row et_block_row\">\n<div class=\"et_pb_column_5 et_pb_column et_pb_column_1_3 et_block_column et_pb_css_mix_blend_mode_passthrough\">\n<div class=\"et_pb_blurb_0 et_pb_blurb et_pb_bg_layout_light et_pb_blurb_position_left et_pb_module et_block_module tbvs-blurb preset--group--divi-blurb--divi-font--lo910m5tbo preset--group--divi-blurb--divi-font-body--default\"><div class=\"et_pb_blurb_content\"><div class=\"et_pb_main_blurb_image\"><span class=\"et_pb_image_wrap\"><span class=\"et-pb-icon et-waypoint et_pb_animation_top et_pb_animation_top_tablet et_pb_animation_top_phone\">\uf086<\/span><\/span><\/div><div class=\"et_pb_blurb_container\"><h4 class=\"et_pb_module_header\">1. Define your project<\/h4><div class=\"et_pb_blurb_description\"><p>You describe the real installation scenario:<\/p>\n<p>- requirements<br \/>\n- constraints<br \/>\n- environment<br \/>\n- expected outcome<\/p>\n<p>No generic inputs. Only real conditions. <\/p>\n<\/div><\/div><\/div><\/div>\n<\/div>\n\n<div class=\"et_pb_column_6 et_pb_column et_pb_column_1_3 et_block_column et_pb_css_mix_blend_mode_passthrough\">\n<div class=\"et_pb_blurb_1 et_pb_blurb et_pb_bg_layout_light et_pb_blurb_position_left et_pb_module et_block_module tbvs-blurb preset--group--divi-blurb--divi-font--lo910m5tbo preset--group--divi-blurb--divi-font-body--default\"><div class=\"et_pb_blurb_content\"><div class=\"et_pb_main_blurb_image\"><span class=\"et_pb_image_wrap\"><span class=\"et-pb-icon et-waypoint et_pb_animation_top et_pb_animation_top_tablet et_pb_animation_top_phone\">\uf406<\/span><\/span><\/div><div class=\"et_pb_blurb_container\"><h4 class=\"et_pb_module_header\">2. Get structured technical answers<\/h4><div class=\"et_pb_blurb_description\"><p>AdvisorAI analyzes:<br \/>\n- technical parameters<br \/>\n- standards and regulations<br \/>\n- product data<br \/>\n- real application scenarios<\/p>\n<p>You receive:<br \/>\n- validated recommendations<br \/>\n- clear explanations<br \/>\n- comparable options<\/p>\n<\/div><\/div><\/div><\/div>\n<\/div>\n\n<div class=\"et_pb_column_7 et_pb_column et_pb_column_1_3 et-last-child et_block_column et_pb_css_mix_blend_mode_passthrough\">\n<div class=\"et_pb_blurb_2 et_pb_blurb et_pb_bg_layout_light et_pb_blurb_position_left et_pb_module et_block_module tbvs-blurb preset--group--divi-blurb--divi-font--lo910m5tbo preset--group--divi-blurb--divi-font-body--8ni0rb8y12\"><div class=\"et_pb_blurb_content\"><div class=\"et_pb_main_blurb_image\"><span class=\"et_pb_image_wrap\"><span class=\"et-pb-icon et-waypoint et_pb_animation_top et_pb_animation_top_tablet et_pb_animation_top_phone\">\uf086<\/span><\/span><\/div><div class=\"et_pb_blurb_container\"><h4 class=\"et_pb_module_header\">3. Compare solutions<\/h4><div class=\"et_pb_blurb_description\"><p>Instead of browsing products:<\/p>\n<p>- solutions are matched to your project<br \/>\n- parameters are aligned<br \/>\n- trade-offs are visible<\/p>\n<p>No guesswork. No trial and error. <\/p>\n<\/div><\/div><\/div><\/div>\n<\/div>\n<\/div>\n\n<div class=\"et_pb_row_5 et_pb_row et_block_row\">\n<div class=\"et_pb_column_8 et_pb_column et_pb_column_1_3 et_block_column et_pb_css_mix_blend_mode_passthrough\">\n<div class=\"et_pb_blurb_3 et_pb_blurb et_pb_bg_layout_light et_pb_blurb_position_left et_pb_module et_block_module tbvs-blurb preset--group--divi-blurb--divi-font--lo910m5tbo preset--group--divi-blurb--divi-font-body--default\"><div class=\"et_pb_blurb_content\"><div class=\"et_pb_main_blurb_image\"><span class=\"et_pb_image_wrap\"><span class=\"et-pb-icon et-waypoint et_pb_animation_top et_pb_animation_top_tablet et_pb_animation_top_phone\">\uf086<\/span><\/span><\/div><div class=\"et_pb_blurb_container\"><h4 class=\"et_pb_module_header\">4. Make the decision<\/h4><div class=\"et_pb_blurb_description\"><p>You understand:<\/p>\n<p>- what you choose<br \/>\n- why you choose it<br \/>\n- what alternatives exist<\/p>\n<p>Every decision has technical justification.<\/p>\n<\/div><\/div><\/div><\/div>\n<\/div>\n\n<div class=\"et_pb_column_9 et_pb_column et_pb_column_1_3 et_block_column et_pb_css_mix_blend_mode_passthrough\">\n<div class=\"et_pb_blurb_4 et_pb_blurb et_pb_bg_layout_light et_pb_blurb_position_left et_pb_module et_block_module tbvs-blurb preset--group--divi-blurb--divi-font--lo910m5tbo preset--group--divi-blurb--divi-font-body--default\"><div class=\"et_pb_blurb_content\"><div class=\"et_pb_main_blurb_image\"><span class=\"et_pb_image_wrap\"><span class=\"et-pb-icon et-waypoint et_pb_animation_top et_pb_animation_top_tablet et_pb_animation_top_phone\">\uf406<\/span><\/span><\/div><div class=\"et_pb_blurb_container\"><h4 class=\"et_pb_module_header\">5. Order through your distributor<\/h4><div class=\"et_pb_blurb_description\"><p>Nothing changes:<\/p>\n<p>- same suppliers<br \/>\n- same process<\/p>\n<p>Only better decisions before the order.<\/p>\n<\/div><\/div><\/div><\/div>\n<\/div>\n\n<div class=\"et_pb_column_10 et_pb_column et_pb_column_1_3 et-last-child et_block_column et_pb_column_empty et_pb_css_mix_blend_mode_passthrough\"><\/div>\n<\/div>\n\n<div class=\"et_pb_row_6 et_pb_row et_flex_row\">\n<div class=\"et_pb_column_11 et_pb_column et-last-child et_flex_column et_pb_css_mix_blend_mode_passthrough et_flex_column_24_24 et_flex_column_24_24_tablet et_flex_column_24_24_phone\">\n<div class=\"et_pb_module et_pb_button_module_wrapper et_pb_button_0_wrapper preset--module--divi-button--default_wrapper\"><a class=\"et_pb_button_0 et_pb_button et_pb_bg_layout_light et_pb_module et_block_module preset--module--divi-button--default\" href=\"https:\/\/assemblico.com\/en\/advisor-ai\/\">Open AdvisorAI<\/a><\/div>\n<\/div>\n<\/div>\n<\/div>\n\n<div class=\"et_pb_section_4 et_pb_section et_section_regular et_block_section tbvs-section-light\">\n<div class=\"et_pb_row_7 et_pb_row et_block_row\">\n<div class=\"et_pb_column_12 et_pb_column et_pb_column_1_2 et_block_column et_pb_css_mix_blend_mode_passthrough\">\n<div class=\"et_pb_text_9 et_pb_text et_pb_bg_layout_light et_pb_module et_block_module preset--group--divi-text--divi-font-body--default\"><div class=\"et_pb_text_inner\"><h3>Assemblico.com<\/h3>\n<\/div><\/div>\n\n<div class=\"et_pb_text_10 et_pb_text et_pb_bg_layout_light et_pb_module et_block_module preset--group--divi-text--divi-font-body--default\"><div class=\"et_pb_text_inner\"><h2>WHAT MAKES IT DIFFERENT<\/h2>\n<\/div><\/div>\n<\/div>\n\n<div class=\"et_pb_column_13 et_pb_column et_pb_column_1_2 et-last-child et_block_column et_pb_css_mix_blend_mode_passthrough\">\n<div class=\"et_pb_text_11 et_pb_text et_pb_bg_layout_light et_pb_module et_block_module preset--group--divi-text--divi-font-body--default\"><div class=\"et_pb_text_inner\"><p><strong>Not another catalog<\/strong><br \/>You don\u2019t browse products<\/p>\n<p><strong>Not a marketplace<\/strong><br \/>We don\u2019t replace transactions<\/p>\n<p><strong>Not a generic AI tool<\/strong><br \/>We don\u2019t generate random answers<\/p>\n<p><strong>This is a decision engine:<\/strong><br \/>- built on technical knowledge<br \/>- structured for real projects<br \/>- designed for installation workflows<\/p>\n<\/div><\/div>\n<\/div>\n<\/div>\n<\/div>\n\n<div class=\"et_pb_section_5 et_pb_section et_section_regular et_block_section tbvs-section-light\">\n<div class=\"et_pb_row_8 et_pb_row et_block_row\">\n<div class=\"et_pb_column_14 et_pb_column et_pb_column_1_2 et_block_column et_pb_css_mix_blend_mode_passthrough\">\n<div class=\"et_pb_text_12 et_pb_text et_pb_bg_layout_light et_pb_module et_block_module preset--group--divi-text--divi-font-body--default\"><div class=\"et_pb_text_inner\"><h3>Assemblico.com<\/h3>\n<\/div><\/div>\n\n<div class=\"et_pb_text_13 et_pb_text et_pb_bg_layout_light et_pb_module et_block_module preset--group--divi-text--divi-font-body--default\"><div class=\"et_pb_text_inner\"><h2>WHAT YOU GET<\/h2>\n<\/div><\/div>\n<\/div>\n\n<div class=\"et_pb_column_15 et_pb_column et_pb_column_1_2 et-last-child et_block_column et_pb_css_mix_blend_mode_passthrough\">\n<div class=\"et_pb_text_14 et_pb_text et_pb_bg_layout_light et_pb_module et_block_module preset--group--divi-text--divi-font-body--default\"><div class=\"et_pb_text_inner\"><p><strong>Clarity<\/strong><br \/>You understand what is being decided<\/p>\n<p><strong>Speed<\/strong><br \/>Faster decisions with less friction<\/p>\n<p><strong>Accuracy<\/strong><br \/>Validated technical choices<\/p>\n<p><strong>Alignment<\/strong><br \/>All roles work on the same logic<\/p>\n<\/div><\/div>\n<\/div>\n<\/div>\n<\/div>\n\n<div class=\"et_pb_section_6 et_pb_section et_section_regular et_block_section tbvs-section-light\">\n<div class=\"et_pb_row_9 et_pb_row et_block_row\">\n<div class=\"et_pb_column_16 et_pb_column et_pb_column_1_2 et_block_column et_pb_css_mix_blend_mode_passthrough\">\n<div class=\"et_pb_text_15 et_pb_text et_pb_bg_layout_light et_pb_module et_block_module preset--group--divi-text--divi-font-body--default\"><div class=\"et_pb_text_inner\"><h3>Assemblico.com<\/h3>\n<\/div><\/div>\n\n<div class=\"et_pb_text_16 et_pb_text et_pb_bg_layout_light et_pb_module et_block_module preset--group--divi-text--divi-font-body--default\"><div class=\"et_pb_text_inner\"><h2>WITHOUT DISRUPTION<\/h2>\n<\/div><\/div>\n<\/div>\n\n<div class=\"et_pb_column_17 et_pb_column et_pb_column_1_2 et-last-child et_block_column et_pb_css_mix_blend_mode_passthrough\">\n<div class=\"et_pb_text_17 et_pb_text et_pb_bg_layout_light et_pb_module et_block_module preset--group--divi-text--divi-font-body--default\"><div class=\"et_pb_text_inner\"><p>You keep:<br \/>- your suppliers<br \/>- your partners<br \/>- your workflow<\/p>\n<h3><\/h3>\n<h3>Only one thing changes: decisions become structured<\/h3>\n<\/div><\/div>\n<\/div>\n<\/div>\n<\/div>\n\n<div class=\"et_pb_section_7 et_pb_section et_section_regular et_block_section tbvs-section-light\">\n<div class=\"et_pb_row_10 et_pb_row et_block_row\">\n<div class=\"et_pb_column_18 et_pb_column et_pb_column_4_4 et-last-child et_block_column et_pb_css_mix_blend_mode_passthrough\">\n<div class=\"et_pb_text_18 et_pb_text et_pb_bg_layout_light et_pb_module et_block_module et_pb_text_align_center preset--group--divi-text--divi-font-body--default preset--group--divi-text--divi-font-header--nuqrslqdx3\"><div class=\"et_pb_text_inner\"><h1>Ask a question.<br \/>Describe your case.<br \/>See how the decision is built.<\/h1>\n<\/div><\/div>\n<\/div>\n<\/div>\n\n<div class=\"et_pb_row_11 et_pb_row et_flex_row\">\n<div class=\"et_pb_column_19 et_pb_column et_flex_column et_pb_css_mix_blend_mode_passthrough et_flex_column_12_24 et_flex_column_12_24_tablet et_flex_column_24_24_phone\">\n<div class=\"et_pb_module et_pb_button_module_wrapper et_pb_button_1_wrapper preset--module--divi-button--default_wrapper\"><a class=\"et_pb_button_1 et_pb_button et_pb_bg_layout_light et_pb_module et_flex_module preset--module--divi-button--default\" href=\"https:\/\/assemblico.com\/en\/advisor-ai\/\">Open AdvisorAI<\/a><\/div>\n<\/div>\n\n<div class=\"et_pb_column_20 et_pb_column et-last-child et_flex_column et_pb_css_mix_blend_mode_passthrough et_flex_column_12_24 et_flex_column_12_24_tablet et_flex_column_24_24_phone\">\n<div class=\"et_pb_module et_pb_button_module_wrapper et_pb_button_2_wrapper preset--module--divi-button--r33tfrrflu_wrapper\"><a class=\"et_pb_button_2 et_pb_button et_pb_bg_layout_light et_pb_module et_flex_module preset--module--divi-button--r33tfrrflu\" href=\"http:\/\/!--[CDATA[\/register%5D%5D--\">Do\u0142\u0105cz bezp\u0142atnie jako Instalator<\/a><\/div>\n<\/div>\n<\/div>\n<\/div>","protected":false},"excerpt":{"rendered":"","protected":false},"author":1,"featured_media":0,"parent":0,"menu_order":0,"comment_status":"closed","ping_status":"closed","template":"","meta":{"_acf_changed":false,"footnotes":""},"class_list":["post-5333","page","type-page","status-publish","hentry"],"acf":[],"yoast_head":"<!-- This site is optimized with the Yoast SEO plugin v27.3 - https:\/\/yoast.com\/product\/yoast-seo-wordpress\/ -->\n<title>How it works for Installers - Assemblico \u2013 The Future of Electricians &amp; Builders<\/title>\n<meta name=\"robots\" content=\"noindex, follow, max-snippet:-1, max-image-preview:large, max-video-preview:-1\" \/>\n<meta property=\"og:locale\" content=\"pl_PL\" \/>\n<meta property=\"og:type\" content=\"article\" \/>\n<meta property=\"og:title\" content=\"How it works for Installers - Assemblico \u2013 The Future of Electricians &amp; Builders\" \/>\n<meta property=\"og:url\" content=\"https:\/\/assemblico.com\/pl\/how-it-works-for-installers\/\" \/>\n<meta property=\"og:site_name\" content=\"Assemblico \u2013 The Future of Electricians &amp; Builders\" \/>\n<meta property=\"article:modified_time\" content=\"2026-03-28T16:13:57+00:00\" \/>\n<meta name=\"twitter:card\" content=\"summary_large_image\" \/>\n<script type=\"application\/ld+json\" class=\"yoast-schema-graph\">{\"@context\":\"https:\\\/\\\/schema.org\",\"@graph\":[{\"@type\":\"WebPage\",\"@id\":\"https:\\\/\\\/assemblico.com\\\/pl\\\/how-it-works-for-installers\\\/\",\"url\":\"https:\\\/\\\/assemblico.com\\\/pl\\\/how-it-works-for-installers\\\/\",\"name\":\"How it works for Installers - Assemblico \u2013 The Future of Electricians &amp; Builders\",\"isPartOf\":{\"@id\":\"https:\\\/\\\/assemblico.com\\\/#website\"},\"datePublished\":\"2026-03-18T14:51:24+00:00\",\"dateModified\":\"2026-03-28T16:13:57+00:00\",\"breadcrumb\":{\"@id\":\"https:\\\/\\\/assemblico.com\\\/pl\\\/how-it-works-for-installers\\\/#breadcrumb\"},\"inLanguage\":\"pl-PL\",\"potentialAction\":[{\"@type\":\"ReadAction\",\"target\":[\"https:\\\/\\\/assemblico.com\\\/pl\\\/how-it-works-for-installers\\\/\"]}]},{\"@type\":\"BreadcrumbList\",\"@id\":\"https:\\\/\\\/assemblico.com\\\/pl\\\/how-it-works-for-installers\\\/#breadcrumb\",\"itemListElement\":[{\"@type\":\"ListItem\",\"position\":1,\"name\":\"Strona g\u0142\u00f3wna\",\"item\":\"https:\\\/\\\/assemblico.com\\\/pl\\\/\"},{\"@type\":\"ListItem\",\"position\":2,\"name\":\"How it works for Installers\"}]},{\"@type\":\"WebSite\",\"@id\":\"https:\\\/\\\/assemblico.com\\\/#website\",\"url\":\"https:\\\/\\\/assemblico.com\\\/\",\"name\":\"Assemblico \u2013 The Future of Electricians &amp; Builders\",\"description\":\"One platform. One brain. Endless efficiency.\",\"potentialAction\":[{\"@type\":\"SearchAction\",\"target\":{\"@type\":\"EntryPoint\",\"urlTemplate\":\"https:\\\/\\\/assemblico.com\\\/?s={search_term_string}\"},\"query-input\":{\"@type\":\"PropertyValueSpecification\",\"valueRequired\":true,\"valueName\":\"search_term_string\"}}],\"inLanguage\":\"pl-PL\"}]}<\/script>\n<!-- \/ Yoast SEO plugin. -->","yoast_head_json":{"title":"How it works for Installers - Assemblico \u2013 The Future of Electricians &amp; Builders","robots":{"index":"noindex","follow":"follow","max-snippet":"max-snippet:-1","max-image-preview":"max-image-preview:large","max-video-preview":"max-video-preview:-1"},"og_locale":"pl_PL","og_type":"article","og_title":"How it works for Installers - Assemblico \u2013 The Future of Electricians &amp; Builders","og_url":"https:\/\/assemblico.com\/pl\/how-it-works-for-installers\/","og_site_name":"Assemblico \u2013 The Future of Electricians &amp; Builders","article_modified_time":"2026-03-28T16:13:57+00:00","twitter_card":"summary_large_image","schema":{"@context":"https:\/\/schema.org","@graph":[{"@type":"WebPage","@id":"https:\/\/assemblico.com\/pl\/how-it-works-for-installers\/","url":"https:\/\/assemblico.com\/pl\/how-it-works-for-installers\/","name":"How it works for Installers - Assemblico \u2013 The Future of Electricians &amp; Builders","isPartOf":{"@id":"https:\/\/assemblico.com\/#website"},"datePublished":"2026-03-18T14:51:24+00:00","dateModified":"2026-03-28T16:13:57+00:00","breadcrumb":{"@id":"https:\/\/assemblico.com\/pl\/how-it-works-for-installers\/#breadcrumb"},"inLanguage":"pl-PL","potentialAction":[{"@type":"ReadAction","target":["https:\/\/assemblico.com\/pl\/how-it-works-for-installers\/"]}]},{"@type":"BreadcrumbList","@id":"https:\/\/assemblico.com\/pl\/how-it-works-for-installers\/#breadcrumb","itemListElement":[{"@type":"ListItem","position":1,"name":"Strona g\u0142\u00f3wna","item":"https:\/\/assemblico.com\/pl\/"},{"@type":"ListItem","position":2,"name":"How it works for Installers"}]},{"@type":"WebSite","@id":"https:\/\/assemblico.com\/#website","url":"https:\/\/assemblico.com\/","name":"Assemblico \u2013 The Future of Electricians &amp; Builders","description":"One platform. One brain. Endless efficiency.","potentialAction":[{"@type":"SearchAction","target":{"@type":"EntryPoint","urlTemplate":"https:\/\/assemblico.com\/?s={search_term_string}"},"query-input":{"@type":"PropertyValueSpecification","valueRequired":true,"valueName":"search_term_string"}}],"inLanguage":"pl-PL"}]}},"_links":{"self":[{"href":"https:\/\/assemblico.com\/pl\/wp-json\/wp\/v2\/pages\/5333","targetHints":{"allow":["GET"]}}],"collection":[{"href":"https:\/\/assemblico.com\/pl\/wp-json\/wp\/v2\/pages"}],"about":[{"href":"https:\/\/assemblico.com\/pl\/wp-json\/wp\/v2\/types\/page"}],"author":[{"embeddable":true,"href":"https:\/\/assemblico.com\/pl\/wp-json\/wp\/v2\/users\/1"}],"replies":[{"embeddable":true,"href":"https:\/\/assemblico.com\/pl\/wp-json\/wp\/v2\/comments?post=5333"}],"version-history":[{"count":0,"href":"https:\/\/assemblico.com\/pl\/wp-json\/wp\/v2\/pages\/5333\/revisions"}],"wp:attachment":[{"href":"https:\/\/assemblico.com\/pl\/wp-json\/wp\/v2\/media?parent=5333"}],"curies":[{"name":"wp","href":"https:\/\/api.w.org\/{rel}","templated":true}]}}