{"id":4885,"date":"2026-01-07T21:39:17","date_gmt":"2026-01-07T20:39:17","guid":{"rendered":"https:\/\/assemblico.com\/workwear-store\/koszulka-mid-1-t-shirt-200\/"},"modified":"2026-04-01T16:33:04","modified_gmt":"2026-04-01T14:33:04","slug":"koszulka-mid-1-t-shirt-200","status":"publish","type":"product","link":"https:\/\/assemblico.com\/pl\/workwear-store\/koszulka-mid-1-t-shirt-200\/","title":{"rendered":"Koszulka MID 1 T-Shirt 200"},"content":{"rendered":"<div>\n<p><strong>OPIS PRODUKTU<\/strong><\/p>\n<p>CORE Standard T-Shirt 200 to klasyczna koszulka robocza zaprojektowana do codziennego u\u017cytku w \u015brodowiskach elektrycznych, HVAC, PV, automatyki i serwisu.<\/p>\n<p>Materia\u0142 o gramaturze 200 g\/m\u00b2 zapewnia solidn\u0105 struktur\u0119 i zmniejsza prze\u015bwitywanie. Konstrukcja tubularna (bez bocznych szw\u00f3w) ogranicza skr\u0119canie si\u0119 po praniu. Wzmocniona ta\u015bma na ramionach poprawia trwa\u0142o\u015b\u0107 podczas codziennej pracy z narz\u0119dziami i cz\u0119stego noszenia.<\/p>\n<p>To nie jest cienka koszulka promocyjna.<\/p>\n<p>Jest stworzona do prawdziwej pracy na budowie.<\/p>\n<p><strong>SPECYFIKACJA TECHNICZNA<\/strong><\/p>\n<ul>\n<li>Typ materia\u0142u: Single Jersey<\/li>\n<li>Sk\u0142ad: 100% bawe\u0142na<\/li>\n<\/ul>\n<p>(wybrane kolory mog\u0105 zawiera\u0107 domieszki wiskozy zgodnie z kart\u0105 techniczn\u0105)<\/p>\n<ul>\n<li>Gramatura: 200 g\/m\u00b2<\/li>\n<li>Konstrukcja: tubularna (bez bocznych szw\u00f3w)<\/li>\n<li>Ko\u0142nierzyk: pr\u0105\u017cek 1:1 z 5% elastanu<\/li>\n<li>Wzmocnienie: ta\u015bma stabilizuj\u0105ca ramiona<\/li>\n<li>Wyko\u0144czenie: obr\u00f3bka silikonowa (ulepszona powierzchnia do nadruku)<\/li>\n<li>Rozmiary: XS\u20135XL<\/li>\n<li>Opakowanie: 10 szt. w worku<\/li>\n<li>Minimalne zam\u00f3wienie: 1 szt.<\/li>\n<\/ul>\n<p>Pe\u0142na gama kolor\u00f3w dost\u0119pna zgodnie ze specyfikacj\u0105 techniczn\u0105.<\/p>\n<p>W sklepie prezentowana jest standardowo wersja czarna.<\/p>\n<p><strong>INSTRUKCJA PIEL\u0118GNACJI<\/strong><\/p>\n<ul>\n<li>Pra\u0107 w temp. do 40\u00b0C<\/li>\n<li>Nie wybiela\u0107<\/li>\n<li>Suszy\u0107 w suszarce w niskiej temperaturze<\/li>\n<li>Prasowa\u0107 w \u015bredniej temperaturze<\/li>\n<\/ul>\n<p>Zbyt wysokie temperatury prania mog\u0105 zmniejszy\u0107 trwa\u0142o\u015b\u0107 nadruku i wp\u0142yn\u0105\u0107 na stabilno\u015b\u0107 wymiarow\u0105.<\/p>\n<p><strong>OPCJE BRANDINGU<\/strong><\/p>\n<p><strong>Personalizacja w wysokiej rozdzielczo\u015bci<\/strong><\/p>\n<ul>\n<li><strong>Od 1 sztuki:<\/strong> Profesjonalny sprz\u0119t wykorzystuj\u0105cy najnowsz\u0105 <strong>technologi\u0119 HD-DTF<\/strong> zapewniaj\u0105c\u0105 przemys\u0142ow\u0105 trwa\u0142o\u015b\u0107, \u017cywe kolory i ostre detale.<\/li>\n<li><strong>Cennik:<\/strong> <strong>Darmowy nadruk logo na piersi<\/strong> w cenie. Du\u017ce nadruki na plecach dost\u0119pne jako opcja p\u0142atna.<\/li>\n<li><strong>Profesjonalna to\u017csamo\u015b\u0107:<\/strong> Nie masz logo w wysokiej rozdzielczo\u015bci? Wybierz <strong>szablon Pro-Design<\/strong> z naszej biblioteki i dodaj nazw\u0119 swojej firmy lub prze\u015blij w\u0142asny plik firmowy.<\/li>\n<li><strong>Odzie\u017c z nadrukiem nie podlega zwrotowi.<\/strong><\/li>\n<\/ul>\n<p><strong>Jak zam\u00f3wi\u0107<\/strong><\/p>\n<ol>\n<li><strong>Umiejscowienie:<\/strong> Wybierz preferowan\u0105 lokalizacj\u0119 logo (Pier\u015b \/ Plecy).<\/li>\n<li><strong>\u0179r\u00f3d\u0142o:<\/strong> Wybierz szablon bran\u017cowy (+ wpisz sw\u00f3j tekst) lub prze\u015blij plik logo w wysokiej rozdzielczo\u015bci.<\/li>\n<li><strong>Uwaga:<\/strong> Zamawiaj\u0105c wiele produkt\u00f3w, skonfiguruj branding dla ka\u017cdej sztuki osobno, aby zapewni\u0107 maksymaln\u0105 dok\u0142adno\u015b\u0107.<\/li>\n<\/ol>\n<p><strong>Wymagania dotycz\u0105ce pliku technicznego<\/strong><\/p>\n<ul>\n<li><strong>Logo na piersi:<\/strong> PNG lub PDF (min. 1500 px na kr\u00f3tszym boku).<\/li>\n<li><strong>Logo na plecach (30\u201335 cm):<\/strong> PNG\/PDF (min. 3500 px) lub format wektorowy.<\/li>\n<\/ul>\n<p><strong>DLACZEGO WARTO OZNACZY\u0106 SW\u00d3J SPRZ\u0118T?<\/strong><\/p>\n<p>Odzie\u017c robocza bez logo to tylko wydatek. Z logo Tw\u00f3j zesp\u00f3\u0142 staje si\u0119 mobilnym billboardem, buduj\u0105c zaufanie i profesjonaln\u0105 widoczno\u015b\u0107 na ka\u017cdej budowie.<\/p>\n<p>Trwa\u0142a, profesjonalna koszulka z Twoim logo jest niezb\u0119dna do utrzymania widoczno\u015bci zespo\u0142u podczas codziennej pracy na budowie.<\/p>\n<p><strong>Detal Assemblico:<\/strong> Ka\u017cda sztuka posiada ma\u0142e, dyskretne logo Assemblico (widoczne na zdj\u0119ciach produktu).<\/p>\n<p><strong>PROGRAM PARTNERSKI<\/strong><\/p>\n<p>Ten model jest r\u00f3wnie\u017c dost\u0119pny w dedykowanych wersjach dla producent\u00f3w i program\u00f3w partnerskich Assemblico.<\/p>\n<p>Niestandardowe kolory, branding hurtowy i wycena projektowa dost\u0119pne dla wi\u0119kszych zespo\u0142\u00f3w.<\/p>\n<\/div>\n","protected":false},"excerpt":{"rendered":"<ul>\n<li><strong>Ci\u0119\u017cka 200 g\/m\u00b2 100% bawe\u0142na<\/strong> zapewniaj\u0105ca naturaln\u0105 przewiewno\u015b\u0107 i <strong>przemys\u0142ow\u0105 wytrzyma\u0142o\u015b\u0107<\/strong>.<\/li>\n<li><strong>Bezszwowa konstrukcja tubularna<\/strong> i wzmocnione ramiona dla komfortu pracy przez ca\u0142y dzie\u0144.<\/li>\n<li><strong>Przetestowane przez profesjonalist\u00f3w<\/strong> stabilne dopasowanie stworzone specjalnie do codziennych prac instalacyjnych.<\/li>\n<li><strong>Profesjonalny branding:<\/strong> prze\u015blij logo lub wybierz z naszych szablon\u00f3w poni\u017cej.<\/li>\n<\/ul>\n","protected":false},"featured_media":4879,"template":"","meta":{"_acf_changed":false},"product_brand":[],"product_cat":[1307,1306],"product_tag":[1318,1328],"class_list":{"0":"post-4885","1":"product","2":"type-product","3":"status-publish","4":"has-post-thumbnail","6":"product_cat-koszulki-i-polo","7":"product_cat-odziez-robocza-techniczna","8":"product_tag-koszulki","9":"product_tag-logo-top-front-back-pl","10":"pa_colours-bialy","11":"pa_colours-czarny","12":"pa_role-odziez-robocza-elektryczna","13":"pa_role-odziez-robocza-hvac","14":"pa_role-odziez-robocza-niskopradowa","15":"pa_role-odziez-robocza-pozarnicza-i-bhp","16":"pa_role-odziez-robocza-solarna","17":"pa_sizes-l","18":"pa_sizes-m","19":"pa_sizes-s","20":"pa_sizes-xl","21":"pa_sizes-xs","23":"first","24":"instock","25":"shipping-taxable","26":"purchasable","27":"product-type-variable"},"acf":[],"yoast_head":"<!-- This site is optimized with the Yoast SEO plugin v27.3 - https:\/\/yoast.com\/product\/yoast-seo-wordpress\/ -->\n<title>Koszulka MID 1 T-Shirt 200 - Assemblico \u2013 The Future of Electricians &amp; Builders<\/title>\n<meta name=\"robots\" content=\"noindex, follow, max-snippet:-1, max-image-preview:large, max-video-preview:-1\" \/>\n<meta property=\"og:locale\" content=\"pl_PL\" \/>\n<meta property=\"og:type\" content=\"article\" \/>\n<meta property=\"og:title\" content=\"Koszulka MID 1 T-Shirt 200 - Assemblico \u2013 The Future of Electricians &amp; Builders\" \/>\n<meta property=\"og:description\" content=\"Ci\u0119\u017cka 200 g\/m\u00b2 100% bawe\u0142na zapewniaj\u0105ca naturaln\u0105 przewiewno\u015b\u0107 i przemys\u0142ow\u0105 wytrzyma\u0142o\u015b\u0107.  Bezszwowa konstrukcja tubularna i wzmocnione ramiona dla komfortu pracy przez ca\u0142y dzie\u0144.  Przetestowane przez profesjonalist\u00f3w stabilne dopasowanie stworzone specjalnie do codziennych prac instalacyjnych.  Profesjonalny branding: prze\u015blij logo lub wybierz z naszych szablon\u00f3w poni\u017cej.\" \/>\n<meta property=\"og:url\" content=\"https:\/\/assemblico.com\/workwear-store\/mid-1-t-shirt-200\/\" \/>\n<meta property=\"og:site_name\" content=\"Assemblico \u2013 The Future of Electricians &amp; Builders\" \/>\n<meta property=\"article:modified_time\" content=\"2026-04-01T14:33:04+00:00\" \/>\n<meta property=\"og:image\" content=\"https:\/\/assemblico.com\/wp-content\/uploads\/2026\/01\/CORE-Standard-T-Shirt-200A1-a.webp\" \/>\n\t<meta property=\"og:image:width\" content=\"1000\" \/>\n\t<meta property=\"og:image:height\" content=\"1000\" \/>\n\t<meta property=\"og:image:type\" content=\"image\/webp\" \/>\n<meta name=\"twitter:card\" content=\"summary_large_image\" \/>\n<meta name=\"twitter:label1\" content=\"Szacowany czas czytania\" \/>\n\t<meta name=\"twitter:data1\" content=\"2 minuty\" \/>\n<script type=\"application\/ld+json\" class=\"yoast-schema-graph\">{\"@context\":\"https:\\\/\\\/schema.org\",\"@graph\":[{\"@type\":\"WebPage\",\"@id\":\"https:\\\/\\\/assemblico.com\\\/workwear-store\\\/mid-1-t-shirt-200\\\/\",\"url\":\"https:\\\/\\\/assemblico.com\\\/workwear-store\\\/mid-1-t-shirt-200\\\/\",\"name\":\"Koszulka MID 1 T-Shirt 200 - Assemblico \u2013 The Future of Electricians &amp; Builders\",\"isPartOf\":{\"@id\":\"https:\\\/\\\/assemblico.com\\\/#website\"},\"primaryImageOfPage\":{\"@id\":\"https:\\\/\\\/assemblico.com\\\/workwear-store\\\/mid-1-t-shirt-200\\\/#primaryimage\"},\"image\":{\"@id\":\"https:\\\/\\\/assemblico.com\\\/workwear-store\\\/mid-1-t-shirt-200\\\/#primaryimage\"},\"thumbnailUrl\":\"https:\\\/\\\/assemblico.com\\\/wp-content\\\/uploads\\\/2026\\\/01\\\/CORE-Standard-T-Shirt-200A1-a.webp\",\"datePublished\":\"2026-01-07T20:39:17+00:00\",\"dateModified\":\"2026-04-01T14:33:04+00:00\",\"breadcrumb\":{\"@id\":\"https:\\\/\\\/assemblico.com\\\/workwear-store\\\/mid-1-t-shirt-200\\\/#breadcrumb\"},\"inLanguage\":\"pl-PL\",\"potentialAction\":[{\"@type\":\"ReadAction\",\"target\":[\"https:\\\/\\\/assemblico.com\\\/workwear-store\\\/mid-1-t-shirt-200\\\/\"]}]},{\"@type\":\"ImageObject\",\"inLanguage\":\"pl-PL\",\"@id\":\"https:\\\/\\\/assemblico.com\\\/workwear-store\\\/mid-1-t-shirt-200\\\/#primaryimage\",\"url\":\"https:\\\/\\\/assemblico.com\\\/wp-content\\\/uploads\\\/2026\\\/01\\\/CORE-Standard-T-Shirt-200A1-a.webp\",\"contentUrl\":\"https:\\\/\\\/assemblico.com\\\/wp-content\\\/uploads\\\/2026\\\/01\\\/CORE-Standard-T-Shirt-200A1-a.webp\",\"width\":1000,\"height\":1000,\"caption\":\"CORE Standard T Shirt 200A1 a\"},{\"@type\":\"BreadcrumbList\",\"@id\":\"https:\\\/\\\/assemblico.com\\\/workwear-store\\\/mid-1-t-shirt-200\\\/#breadcrumb\",\"itemListElement\":[{\"@type\":\"ListItem\",\"position\":1,\"name\":\"Strona g\u0142\u00f3wna\",\"item\":\"https:\\\/\\\/assemblico.com\\\/pl\\\/\"},{\"@type\":\"ListItem\",\"position\":2,\"name\":\"Sklep z odzie\u017c\u0105 techniczn\u0105\",\"item\":\"https:\\\/\\\/assemblico.com\\\/workwear-store\\\/\"},{\"@type\":\"ListItem\",\"position\":3,\"name\":\"Koszulka MID 1 T-Shirt 200\"}]},{\"@type\":\"WebSite\",\"@id\":\"https:\\\/\\\/assemblico.com\\\/#website\",\"url\":\"https:\\\/\\\/assemblico.com\\\/\",\"name\":\"Assemblico \u2013 The Future of Electricians &amp; Builders\",\"description\":\"One platform. One brain. Endless efficiency.\",\"potentialAction\":[{\"@type\":\"SearchAction\",\"target\":{\"@type\":\"EntryPoint\",\"urlTemplate\":\"https:\\\/\\\/assemblico.com\\\/?s={search_term_string}\"},\"query-input\":{\"@type\":\"PropertyValueSpecification\",\"valueRequired\":true,\"valueName\":\"search_term_string\"}}],\"inLanguage\":\"pl-PL\"}]}<\/script>\n<!-- \/ Yoast SEO plugin. -->","yoast_head_json":{"title":"Koszulka MID 1 T-Shirt 200 - Assemblico \u2013 The Future of Electricians &amp; Builders","robots":{"index":"noindex","follow":"follow","max-snippet":"max-snippet:-1","max-image-preview":"max-image-preview:large","max-video-preview":"max-video-preview:-1"},"og_locale":"pl_PL","og_type":"article","og_title":"Koszulka MID 1 T-Shirt 200 - Assemblico \u2013 The Future of Electricians &amp; Builders","og_description":"Ci\u0119\u017cka 200 g\/m\u00b2 100% bawe\u0142na zapewniaj\u0105ca naturaln\u0105 przewiewno\u015b\u0107 i przemys\u0142ow\u0105 wytrzyma\u0142o\u015b\u0107.  Bezszwowa konstrukcja tubularna i wzmocnione ramiona dla komfortu pracy przez ca\u0142y dzie\u0144.  Przetestowane przez profesjonalist\u00f3w stabilne dopasowanie stworzone specjalnie do codziennych prac instalacyjnych.  Profesjonalny branding: prze\u015blij logo lub wybierz z naszych szablon\u00f3w poni\u017cej.","og_url":"https:\/\/assemblico.com\/workwear-store\/mid-1-t-shirt-200\/","og_site_name":"Assemblico \u2013 The Future of Electricians &amp; Builders","article_modified_time":"2026-04-01T14:33:04+00:00","og_image":[{"width":1000,"height":1000,"url":"https:\/\/assemblico.com\/wp-content\/uploads\/2026\/01\/CORE-Standard-T-Shirt-200A1-a.webp","type":"image\/webp"}],"twitter_card":"summary_large_image","twitter_misc":{"Szacowany czas czytania":"2 minuty"},"schema":{"@context":"https:\/\/schema.org","@graph":[{"@type":"WebPage","@id":"https:\/\/assemblico.com\/workwear-store\/mid-1-t-shirt-200\/","url":"https:\/\/assemblico.com\/workwear-store\/mid-1-t-shirt-200\/","name":"Koszulka MID 1 T-Shirt 200 - Assemblico \u2013 The Future of Electricians &amp; Builders","isPartOf":{"@id":"https:\/\/assemblico.com\/#website"},"primaryImageOfPage":{"@id":"https:\/\/assemblico.com\/workwear-store\/mid-1-t-shirt-200\/#primaryimage"},"image":{"@id":"https:\/\/assemblico.com\/workwear-store\/mid-1-t-shirt-200\/#primaryimage"},"thumbnailUrl":"https:\/\/assemblico.com\/wp-content\/uploads\/2026\/01\/CORE-Standard-T-Shirt-200A1-a.webp","datePublished":"2026-01-07T20:39:17+00:00","dateModified":"2026-04-01T14:33:04+00:00","breadcrumb":{"@id":"https:\/\/assemblico.com\/workwear-store\/mid-1-t-shirt-200\/#breadcrumb"},"inLanguage":"pl-PL","potentialAction":[{"@type":"ReadAction","target":["https:\/\/assemblico.com\/workwear-store\/mid-1-t-shirt-200\/"]}]},{"@type":"ImageObject","inLanguage":"pl-PL","@id":"https:\/\/assemblico.com\/workwear-store\/mid-1-t-shirt-200\/#primaryimage","url":"https:\/\/assemblico.com\/wp-content\/uploads\/2026\/01\/CORE-Standard-T-Shirt-200A1-a.webp","contentUrl":"https:\/\/assemblico.com\/wp-content\/uploads\/2026\/01\/CORE-Standard-T-Shirt-200A1-a.webp","width":1000,"height":1000,"caption":"CORE Standard T Shirt 200A1 a"},{"@type":"BreadcrumbList","@id":"https:\/\/assemblico.com\/workwear-store\/mid-1-t-shirt-200\/#breadcrumb","itemListElement":[{"@type":"ListItem","position":1,"name":"Strona g\u0142\u00f3wna","item":"https:\/\/assemblico.com\/pl\/"},{"@type":"ListItem","position":2,"name":"Sklep z odzie\u017c\u0105 techniczn\u0105","item":"https:\/\/assemblico.com\/workwear-store\/"},{"@type":"ListItem","position":3,"name":"Koszulka MID 1 T-Shirt 200"}]},{"@type":"WebSite","@id":"https:\/\/assemblico.com\/#website","url":"https:\/\/assemblico.com\/","name":"Assemblico \u2013 The Future of Electricians &amp; Builders","description":"One platform. One brain. Endless efficiency.","potentialAction":[{"@type":"SearchAction","target":{"@type":"EntryPoint","urlTemplate":"https:\/\/assemblico.com\/?s={search_term_string}"},"query-input":{"@type":"PropertyValueSpecification","valueRequired":true,"valueName":"search_term_string"}}],"inLanguage":"pl-PL"}]}},"_links":{"self":[{"href":"https:\/\/assemblico.com\/pl\/wp-json\/wp\/v2\/product\/4885","targetHints":{"allow":["GET"]}}],"collection":[{"href":"https:\/\/assemblico.com\/pl\/wp-json\/wp\/v2\/product"}],"about":[{"href":"https:\/\/assemblico.com\/pl\/wp-json\/wp\/v2\/types\/product"}],"wp:featuredmedia":[{"embeddable":true,"href":"https:\/\/assemblico.com\/pl\/wp-json\/wp\/v2\/media\/4879"}],"wp:attachment":[{"href":"https:\/\/assemblico.com\/pl\/wp-json\/wp\/v2\/media?parent=4885"}],"wp:term":[{"taxonomy":"product_brand","embeddable":true,"href":"https:\/\/assemblico.com\/pl\/wp-json\/wp\/v2\/product_brand?post=4885"},{"taxonomy":"product_cat","embeddable":true,"href":"https:\/\/assemblico.com\/pl\/wp-json\/wp\/v2\/product_cat?post=4885"},{"taxonomy":"product_tag","embeddable":true,"href":"https:\/\/assemblico.com\/pl\/wp-json\/wp\/v2\/product_tag?post=4885"}],"curies":[{"name":"wp","href":"https:\/\/api.w.org\/{rel}","templated":true}]}}